{"id":4556,"date":"2023-10-24T16:08:53","date_gmt":"2023-10-24T14:08:53","guid":{"rendered":"https:\/\/ecolog.dev03.extrude.se\/?page_id=4556"},"modified":"2023-10-24T19:23:42","modified_gmt":"2023-10-24T17:23:42","slug":"688f-documentation","status":"publish","type":"page","link":"https:\/\/ecolog.dev03.extrude.se\/en\/products\/harvesters\/harvester-688f\/688f-documentation\/","title":{"rendered":"688F Documentation"},"content":{"rendered":"\t\t<div data-elementor-type=\"wp-page\" data-elementor-id=\"4556\" class=\"elementor elementor-4556 elementor-4149\" data-elementor-post-type=\"page\">\n\t\t\t\t\t\t<section class=\"elementor-section elementor-top-section elementor-element elementor-element-31dccf36 elementor-section-boxed elementor-section-height-default elementor-section-height-default\" data-id=\"31dccf36\" data-element_type=\"section\">\n\t\t\t\t\t\t<div class=\"elementor-container elementor-column-gap-default\">\n\t\t\t\t\t<div class=\"elementor-column elementor-col-100 elementor-top-column elementor-element elementor-element-3c5214c1\" data-id=\"3c5214c1\" data-element_type=\"column\">\n\t\t\t<div class=\"elementor-widget-wrap elementor-element-populated\">\n\t\t\t\t\t\t<div class=\"elementor-element elementor-element-1c59081d elementor-skin-carousel elementor-arrows-yes elementor-widget elementor-widget-media-carousel\" data-id=\"1c59081d\" data-element_type=\"widget\" data-settings=\"{&quot;slides_per_view&quot;:&quot;1&quot;,&quot;lazyload&quot;:&quot;yes&quot;,&quot;speed&quot;:800,&quot;autoplay_speed&quot;:10000,&quot;space_between&quot;:{&quot;unit&quot;:&quot;px&quot;,&quot;size&quot;:0,&quot;sizes&quot;:[]},&quot;slides_per_view_tablet&quot;:&quot;1&quot;,&quot;slides_per_view_mobile_extra&quot;:&quot;1&quot;,&quot;skin&quot;:&quot;carousel&quot;,&quot;effect&quot;:&quot;slide&quot;,&quot;show_arrows&quot;:&quot;yes&quot;,&quot;autoplay&quot;:&quot;yes&quot;,&quot;loop&quot;:&quot;yes&quot;,&quot;pause_on_hover&quot;:&quot;yes&quot;,&quot;pause_on_interaction&quot;:&quot;yes&quot;,&quot;space_between_tablet&quot;:{&quot;unit&quot;:&quot;px&quot;,&quot;size&quot;:10,&quot;sizes&quot;:[]},&quot;space_between_mobile_extra&quot;:{&quot;unit&quot;:&quot;px&quot;,&quot;size&quot;:10,&quot;sizes&quot;:[]},&quot;space_between_mobile&quot;:{&quot;unit&quot;:&quot;px&quot;,&quot;size&quot;:10,&quot;sizes&quot;:[]}}\" data-widget_type=\"media-carousel.default\">\n\t\t\t\t<div class=\"elementor-widget-container\">\n\t\t\t\t\t\t\t\t\t<div class=\"elementor-swiper\">\n\t\t\t\t\t<div class=\"elementor-main-swiper swiper\" role=\"region\" aria-roledescription=\"carousel\" aria-label=\"Slides\">\n\t\t\t\t<div class=\"swiper-wrapper\">\n\t\t\t\t\t\t\t\t\t\t\t<div class=\"swiper-slide\" role=\"group\" aria-roledescription=\"slide\">\n\t\t\t\t\t\t\t\t\t<div class=\"elementor-carousel-image swiper-lazy\" role=\"img\" aria-label=\"688\" data-background=\"https:\/\/ecolog.dev03.extrude.se\/wp-content\/uploads\/2023\/10\/688_hemsida.jpg\">\n\n\t\t\t\t\t\t\t<div class=\"swiper-lazy-preloader\"><\/div>\n\t\t\t\n\t\t\t\t\t<\/div>\n\t\t\t\t\t\t\t\t<\/div>\n\t\t\t\t\t\t\t\t\t\t\t<div class=\"swiper-slide\" role=\"group\" aria-roledescription=\"slide\">\n\t\t\t\t\t\t\t\t\t<div class=\"elementor-carousel-image swiper-lazy\" role=\"img\" aria-label=\"alg_leverans2\" data-background=\"https:\/\/ecolog.dev03.extrude.se\/wp-content\/uploads\/2023\/10\/alg_leverans2.jpg\">\n\n\t\t\t\t\t\t\t<div class=\"swiper-lazy-preloader\"><\/div>\n\t\t\t\n\t\t\t\t\t<\/div>\n\t\t\t\t\t\t\t\t<\/div>\n\t\t\t\t\t\t\t\t\t<\/div>\n\t\t\t\t\t\t\t\t\t\t\t\t\t\t\t<div class=\"elementor-swiper-button elementor-swiper-button-prev\" role=\"button\" tabindex=\"0\" aria-label=\"Previous\">\n\t\t\t\t\t\t\t<i aria-hidden=\"true\" class=\"eicon-chevron-left\"><\/i>\t\t\t\t\t\t<\/div>\n\t\t\t\t\t\t<div class=\"elementor-swiper-button elementor-swiper-button-next\" role=\"button\" tabindex=\"0\" aria-label=\"Next\">\n\t\t\t\t\t\t\t<i aria-hidden=\"true\" class=\"eicon-chevron-right\"><\/i>\t\t\t\t\t\t<\/div>\n\t\t\t\t\t\t\t\t\t\t\t\t\t\t\t\t\t<\/div>\n\t\t\t\t<\/div>\n\t\t\t\t\t\t\t\t<\/div>\n\t\t\t\t<\/div>\n\t\t\t\t<nav class=\"elementor-section elementor-inner-section elementor-element elementor-element-77bc739 elementor-section-boxed elementor-section-height-default elementor-section-height-default\" data-id=\"77bc739\" data-element_type=\"section\" data-settings=\"{&quot;background_background&quot;:&quot;classic&quot;}\">\n\t\t\t\t\t\t<div class=\"elementor-container elementor-column-gap-default\">\n\t\t\t\t\t<div class=\"elementor-column elementor-col-100 elementor-inner-column elementor-element elementor-element-65b30674\" data-id=\"65b30674\" data-element_type=\"column\">\n\t\t\t<div class=\"elementor-widget-wrap elementor-element-populated\">\n\t\t\t\t\t\t<div class=\"elementor-element elementor-element-f804c7b elementor-nav-menu__align-justify elementor-nav-menu--stretch elementor-nav-menu__text-align-center elementor-widget__width-inherit inpage-menu elementor-nav-menu--dropdown-mobile_extra elementor-nav-menu--toggle elementor-nav-menu--burger elementor-widget elementor-widget-nav-menu\" data-id=\"f804c7b\" data-element_type=\"widget\" data-settings=\"{&quot;full_width&quot;:&quot;stretch&quot;,&quot;layout&quot;:&quot;horizontal&quot;,&quot;submenu_icon&quot;:{&quot;value&quot;:&quot;&lt;i class=\\&quot;fas fa-caret-down\\&quot; aria-hidden=\\&quot;true\\&quot;&gt;&lt;\\\/i&gt;&quot;,&quot;library&quot;:&quot;fa-solid&quot;},&quot;toggle&quot;:&quot;burger&quot;}\" data-widget_type=\"nav-menu.default\">\n\t\t\t\t<div class=\"elementor-widget-container\">\n\t\t\t\t\t\t\t\t<nav aria-label=\"Menu\" class=\"elementor-nav-menu--main elementor-nav-menu__container elementor-nav-menu--layout-horizontal e--pointer-background e--animation-none\">\n\t\t\t\t<ul id=\"menu-1-f804c7b\" class=\"elementor-nav-menu\"><li class=\"menu-item menu-item-type-post_type menu-item-object-page menu-item-4930\"><a href=\"https:\/\/ecolog.dev03.extrude.se\/en\/products\/harvesters\/harvester-688f\/\" class=\"elementor-item\">Product Information<\/a><\/li>\n<li class=\"menu-item menu-item-type-post_type menu-item-object-page menu-item-4931\"><a href=\"https:\/\/ecolog.dev03.extrude.se\/en\/products\/harvesters\/harvester-688f\/688f-images-videos\/\" class=\"elementor-item\">Images &#038; Videos<\/a><\/li>\n<li class=\"menu-item menu-item-type-post_type menu-item-object-page menu-item-4932\"><a href=\"https:\/\/ecolog.dev03.extrude.se\/en\/products\/harvesters\/harvester-688f\/688f-documentation\/\" class=\"elementor-item\">Documentation<\/a><\/li>\n<\/ul>\t\t\t<\/nav>\n\t\t\t\t\t<div class=\"elementor-menu-toggle\" role=\"button\" tabindex=\"0\" aria-label=\"Menu Toggle\" aria-expanded=\"false\">\n\t\t\t<i aria-hidden=\"true\" role=\"presentation\" class=\"elementor-menu-toggle__icon--open eicon-menu-bar\"><\/i><i aria-hidden=\"true\" role=\"presentation\" class=\"elementor-menu-toggle__icon--close eicon-close\"><\/i>\t\t<\/div>\n\t\t\t\t\t<nav class=\"elementor-nav-menu--dropdown elementor-nav-menu__container\" aria-hidden=\"true\">\n\t\t\t\t<ul id=\"menu-2-f804c7b\" class=\"elementor-nav-menu\"><li class=\"menu-item menu-item-type-post_type menu-item-object-page menu-item-4930\"><a href=\"https:\/\/ecolog.dev03.extrude.se\/en\/products\/harvesters\/harvester-688f\/\" class=\"elementor-item\" tabindex=\"-1\">Product Information<\/a><\/li>\n<li class=\"menu-item menu-item-type-post_type menu-item-object-page menu-item-4931\"><a href=\"https:\/\/ecolog.dev03.extrude.se\/en\/products\/harvesters\/harvester-688f\/688f-images-videos\/\" class=\"elementor-item\" tabindex=\"-1\">Images &#038; Videos<\/a><\/li>\n<li class=\"menu-item menu-item-type-post_type menu-item-object-page menu-item-4932\"><a href=\"https:\/\/ecolog.dev03.extrude.se\/en\/products\/harvesters\/harvester-688f\/688f-documentation\/\" class=\"elementor-item\" tabindex=\"-1\">Documentation<\/a><\/li>\n<\/ul>\t\t\t<\/nav>\n\t\t\t\t\t\t<\/div>\n\t\t\t\t<\/div>\n\t\t\t\t\t<\/div>\n\t\t<\/div>\n\t\t\t\t\t<\/div>\n\t\t<\/nav>\n\t\t\t\t\t<\/div>\n\t\t<\/div>\n\t\t\t\t\t<\/div>\n\t\t<\/section>\n\t\t\t\t<section class=\"elementor-section elementor-top-section elementor-element elementor-element-462c4d76 elementor-section-boxed elementor-section-height-default elementor-section-height-default\" data-id=\"462c4d76\" data-element_type=\"section\" data-settings=\"{&quot;background_background&quot;:&quot;classic&quot;}\">\n\t\t\t\t\t\t<div class=\"elementor-container elementor-column-gap-default\">\n\t\t\t\t\t<div class=\"elementor-column elementor-col-100 elementor-top-column elementor-element elementor-element-76607ee2\" data-id=\"76607ee2\" data-element_type=\"column\">\n\t\t\t<div class=\"elementor-widget-wrap elementor-element-populated\">\n\t\t\t\t\t\t<div class=\"elementor-element elementor-element-2ad177f1 elementor-widget elementor-widget-heading\" data-id=\"2ad177f1\" data-element_type=\"widget\" data-widget_type=\"heading.default\">\n\t\t\t\t<div class=\"elementor-widget-container\">\n\t\t\t\t\t<h1 class=\"elementor-heading-title elementor-size-default\">Sk\u00f6rdare Eco Log 688F<\/h1>\t\t\t\t<\/div>\n\t\t\t\t<\/div>\n\t\t\t\t<div class=\"elementor-element elementor-element-27a7bcb elementor-widget elementor-widget-text-editor\" data-id=\"27a7bcb\" data-element_type=\"widget\" data-widget_type=\"text-editor.default\">\n\t\t\t\t<div class=\"elementor-widget-container\">\n\t\t\t\t\t\t\t\t\t<p><span class=\"h2\">Download<\/span><\/p><p><a title=\"Eco Log broschyr 688_F_Eng US_web.pdf\" href=\"https:\/\/ecolog.dev03.extrude.se\/wp-content\/uploads\/2023\/10\/eco-log-broschyr-688_f_eng-us_web.pdf\" target=\"_blank\" rel=\"noopener\" data-id=\"2477\">Product folder F-series (688)<\/a> &#8211; English<\/p><p><span class=\"h4\">Other languages<\/span><\/p><p><a title=\"Eco Log broschyr 688_F_DE_web.pdf\" href=\"https:\/\/ecolog.dev03.extrude.se\/wp-content\/uploads\/2023\/10\/eco-log-broschyr-688_f_de_web.pdf\" target=\"_blank\" rel=\"noopener\" data-id=\"3331\">Product folder F-series (688)<\/a> &#8211; German<\/p><p><a title=\"Eco Log broschyr 688_F_ES_web.pdf\" href=\"https:\/\/ecolog.dev03.extrude.se\/wp-content\/uploads\/2023\/10\/eco-log-broschyr-688_f_es_web.pdf\" target=\"_blank\" rel=\"noopener\" data-id=\"2527\">Product folder F-series (688)<\/a> &#8211; Spanish<\/p><p><a title=\"Eco Log broschyr 688_F_FR_web.pdf\" href=\"https:\/\/ecolog.dev03.extrude.se\/wp-content\/uploads\/2023\/10\/eco-log-broschyr-688_f_fr_web.pdf\" target=\"_blank\" rel=\"noopener\" data-id=\"2528\">Product folder F-series (688)<\/a> &#8211; French<\/p><p><a title=\"Eco Log broschyr 688_F_RU_web.pdf\" href=\"https:\/\/ecolog.dev03.extrude.se\/wp-content\/uploads\/2023\/10\/eco-log-broschyr-688_f_ru_web.pdf\" target=\"_blank\" rel=\"noopener\" data-id=\"2529\">Product folder F-series (688)<\/a> &#8211; Russian<\/p><p><a title=\"Eco Log broschyr 688_F_PL_web.pdf\" href=\"https:\/\/ecolog.dev03.extrude.se\/wp-content\/uploads\/2023\/10\/eco-log-broschyr-688_f_pl_web.pdf\" target=\"_blank\" rel=\"noopener\" data-id=\"3332\">Product folder F-series (688)<\/a> &#8211; Polish<\/p><p><a title=\"Eco Log broschyr 688_F_FI_web.pdf\" href=\"https:\/\/ecolog.dev03.extrude.se\/wp-content\/uploads\/2023\/10\/eco-log-broschyr-688_f_fi_web.pdf\" target=\"_blank\" rel=\"noopener\" data-id=\"3328\">Product folder F-series (688)<\/a> &#8211; Finnish<\/p><p><span class=\"h3\">Previous Generations<\/span><\/p><p><a title=\"Eco Log broschyr 688_Eng US_web.pdf\" href=\"https:\/\/ecolog.dev03.extrude.se\/wp-content\/uploads\/2023\/10\/eco-log-broschyr-688_eng-us_web.pdf\" target=\"_blank\" rel=\"noopener\" data-id=\"3640\">Product folder E-series (688)<\/a> &#8211; English<\/p><p><a title=\"Eco Log broschyr 688_DE_web.pdf\" href=\"https:\/\/ecolog.dev03.extrude.se\/wp-content\/uploads\/2023\/10\/eco-log-broschyr-688_de_web.pdf\" target=\"_blank\" rel=\"noopener\" data-id=\"3639\">Product folder E-series (688)<\/a> &#8211; German<\/p><p><a title=\"Eco Log broschyr 688_ES_web.pdf\" href=\"https:\/\/ecolog.dev03.extrude.se\/wp-content\/uploads\/2023\/10\/eco-log-broschyr-688_es_web.pdf\" target=\"_blank\" rel=\"noopener\" data-id=\"3641\">Product folder E-series (688)<\/a> &#8211; Spanish<\/p><p><a title=\"Eco Log broschyr 688_FR_web.pdf\" href=\"https:\/\/ecolog.dev03.extrude.se\/wp-content\/uploads\/2023\/10\/eco-log-broschyr-688_fr_web.pdf\" target=\"_blank\" rel=\"noopener\" data-id=\"3643\">Product folder E-series (688)<\/a> &#8211; French<\/p><p><a title=\"Eco Log broschyr 688_RU_web.pdf\" href=\"https:\/\/ecolog.dev03.extrude.se\/wp-content\/uploads\/2023\/10\/eco-log-broschyr-688_ru_web.pdf\" target=\"_blank\" rel=\"noopener\" data-id=\"3645\">Product folder E-series (688)<\/a> &#8211; Russian<\/p><p><a title=\"Eco Log broschyr 688_PL_web.pdf\" href=\"https:\/\/ecolog.dev03.extrude.se\/wp-content\/uploads\/2023\/10\/eco-log-broschyr-688_pl_web.pdf\" target=\"_blank\" rel=\"noopener\" data-id=\"3644\">Product folder E-series (688)<\/a> &#8211; Polish<\/p><p><a title=\"Eco Log broschyr 688_FI_web.pdf\" href=\"https:\/\/ecolog.dev03.extrude.se\/wp-content\/uploads\/2023\/10\/eco-log-broschyr-688_fi_web.pdf\" target=\"_blank\" rel=\"noopener\" data-id=\"3642\">Product folder E-series (688)<\/a> &#8211; Finnish<\/p><p><a title=\"688-folder-webb_Eng.pdf\" href=\"https:\/\/ecolog.dev03.extrude.se\/wp-content\/uploads\/2023\/10\/688-folder-webb_eng.pdf\" target=\"_blank\" rel=\"noopener\" data-id=\"3634\">Product folder D-series (688)<\/a> &#8211; English<\/p><p><a title=\"688-folder-webb_SP.pdf\" href=\"https:\/\/ecolog.dev03.extrude.se\/wp-content\/uploads\/2023\/10\/688-folder-webb_sp.pdf\" target=\"_blank\" rel=\"noopener\" data-id=\"3638\">Product folder D-series (688)<\/a> &#8211; Spanish<\/p><p><a title=\"688-folder-webb_FR.pdf\" href=\"https:\/\/ecolog.dev03.extrude.se\/wp-content\/uploads\/2023\/10\/688-folder-webb_fr.pdf\" target=\"_blank\" rel=\"noopener\" data-id=\"3636\">Product folder D-series (688)<\/a> &#8211; French<\/p><p><a title=\"688-folder-webb_RU.pdf\" href=\"https:\/\/ecolog.dev03.extrude.se\/wp-content\/uploads\/2023\/10\/688-folder-webb_ru.pdf\" target=\"_blank\" rel=\"noopener\" data-id=\"3637\">Product folder D-series (688)<\/a> &#8211; Russian<\/p><p><a title=\"688-folder-webb_FI.pdf\" href=\"https:\/\/ecolog.dev03.extrude.se\/wp-content\/uploads\/2023\/10\/688-folder-webb_fi.pdf\" target=\"_blank\" rel=\"noopener\" data-id=\"3635\">Product folder D-series (688)<\/a> &#8211; Finnish<\/p>\t\t\t\t\t\t\t\t<\/div>\n\t\t\t\t<\/div>\n\t\t\t\t\t<\/div>\n\t\t<\/div>\n\t\t\t\t\t<\/div>\n\t\t<\/section>\n\t\t\t\t<\/div>\n\t\t","protected":false},"excerpt":{"rendered":"<p>F\u00f6reg\u00e5ende N\u00e4sta Sk\u00f6rdare Eco Log 688F Download Product folder F-series (688) &#8211; English Other languages Product folder F-series (688) &#8211; German Product folder F-series (688) &#8211; Spanish Product folder F-series (688) &#8211; French Product folder F-series (688) &#8211; Russian Product folder F-series (688) &#8211; Polish Product folder F-series (688) &#8211; Finnish Previous Generations Product folder [&hellip;]<\/p>\n","protected":false},"author":1,"featured_media":0,"parent":4826,"menu_order":20,"comment_status":"closed","ping_status":"closed","template":"single.php","meta":{"_acf_changed":false,"footnotes":""},"class_list":["post-4556","page","type-page","status-publish","hentry"],"acf":[],"_links":{"self":[{"href":"https:\/\/ecolog.dev03.extrude.se\/en\/wp-json\/wp\/v2\/pages\/4556","targetHints":{"allow":["GET"]}}],"collection":[{"href":"https:\/\/ecolog.dev03.extrude.se\/en\/wp-json\/wp\/v2\/pages"}],"about":[{"href":"https:\/\/ecolog.dev03.extrude.se\/en\/wp-json\/wp\/v2\/types\/page"}],"author":[{"embeddable":true,"href":"https:\/\/ecolog.dev03.extrude.se\/en\/wp-json\/wp\/v2\/users\/1"}],"replies":[{"embeddable":true,"href":"https:\/\/ecolog.dev03.extrude.se\/en\/wp-json\/wp\/v2\/comments?post=4556"}],"version-history":[{"count":8,"href":"https:\/\/ecolog.dev03.extrude.se\/en\/wp-json\/wp\/v2\/pages\/4556\/revisions"}],"predecessor-version":[{"id":4602,"href":"https:\/\/ecolog.dev03.extrude.se\/en\/wp-json\/wp\/v2\/pages\/4556\/revisions\/4602"}],"up":[{"embeddable":true,"href":"https:\/\/ecolog.dev03.extrude.se\/en\/wp-json\/wp\/v2\/pages\/4826"}],"wp:attachment":[{"href":"https:\/\/ecolog.dev03.extrude.se\/en\/wp-json\/wp\/v2\/media?parent=4556"}],"curies":[{"name":"wp","href":"https:\/\/api.w.org\/{rel}","templated":true}]}}