{"id":4717,"date":"2023-10-24T15:32:04","date_gmt":"2023-10-24T13:32:04","guid":{"rendered":"https:\/\/ecolog.dev03.extrude.se\/?page_id=4717"},"modified":"2023-10-25T07:46:22","modified_gmt":"2023-10-25T05:46:22","slug":"661-lf-documentation","status":"publish","type":"page","link":"https:\/\/ecolog.dev03.extrude.se\/en\/products\/harvester-heads\/ec-661-lf\/661-lf-documentation\/","title":{"rendered":"661 LF Documentation"},"content":{"rendered":"\t\t<div data-elementor-type=\"wp-page\" data-elementor-id=\"4717\" class=\"elementor elementor-4717 elementor-4084\" data-elementor-post-type=\"page\">\n\t\t\t\t\t\t<section class=\"elementor-section elementor-top-section elementor-element elementor-element-31dccf36 elementor-section-boxed elementor-section-height-default elementor-section-height-default\" data-id=\"31dccf36\" data-element_type=\"section\">\n\t\t\t\t\t\t<div class=\"elementor-container elementor-column-gap-default\">\n\t\t\t\t\t<div class=\"elementor-column elementor-col-100 elementor-top-column elementor-element elementor-element-3c5214c1\" data-id=\"3c5214c1\" data-element_type=\"column\">\n\t\t\t<div class=\"elementor-widget-wrap elementor-element-populated\">\n\t\t\t\t\t\t<div class=\"elementor-element elementor-element-1c59081d elementor-skin-carousel elementor-arrows-yes elementor-widget elementor-widget-media-carousel\" data-id=\"1c59081d\" data-element_type=\"widget\" data-settings=\"{&quot;slides_per_view&quot;:&quot;1&quot;,&quot;lazyload&quot;:&quot;yes&quot;,&quot;speed&quot;:800,&quot;autoplay_speed&quot;:10000,&quot;space_between&quot;:{&quot;unit&quot;:&quot;px&quot;,&quot;size&quot;:0,&quot;sizes&quot;:[]},&quot;slides_per_view_tablet&quot;:&quot;1&quot;,&quot;slides_per_view_mobile_extra&quot;:&quot;1&quot;,&quot;skin&quot;:&quot;carousel&quot;,&quot;effect&quot;:&quot;slide&quot;,&quot;show_arrows&quot;:&quot;yes&quot;,&quot;autoplay&quot;:&quot;yes&quot;,&quot;loop&quot;:&quot;yes&quot;,&quot;pause_on_hover&quot;:&quot;yes&quot;,&quot;pause_on_interaction&quot;:&quot;yes&quot;,&quot;space_between_tablet&quot;:{&quot;unit&quot;:&quot;px&quot;,&quot;size&quot;:10,&quot;sizes&quot;:[]},&quot;space_between_mobile_extra&quot;:{&quot;unit&quot;:&quot;px&quot;,&quot;size&quot;:10,&quot;sizes&quot;:[]},&quot;space_between_mobile&quot;:{&quot;unit&quot;:&quot;px&quot;,&quot;size&quot;:10,&quot;sizes&quot;:[]}}\" data-widget_type=\"media-carousel.default\">\n\t\t\t\t<div class=\"elementor-widget-container\">\n\t\t\t\t\t\t\t\t\t<div class=\"elementor-swiper\">\n\t\t\t\t\t<div class=\"elementor-main-swiper swiper\" role=\"region\" aria-roledescription=\"carousel\" aria-label=\"Slides\">\n\t\t\t\t<div class=\"swiper-wrapper\">\n\t\t\t\t\t\t\t\t\t\t\t<div class=\"swiper-slide\" role=\"group\" aria-roledescription=\"slide\">\n\t\t\t\t\t\t\t\t\t<div class=\"elementor-carousel-image swiper-lazy\" role=\"img\" aria-label=\"661_bildspel3\" data-background=\"https:\/\/ecolog.dev03.extrude.se\/wp-content\/uploads\/2023\/10\/661_bildspel3.jpg\">\n\n\t\t\t\t\t\t\t<div class=\"swiper-lazy-preloader\"><\/div>\n\t\t\t\n\t\t\t\t\t<\/div>\n\t\t\t\t\t\t\t\t<\/div>\n\t\t\t\t\t\t\t\t\t\t\t<div class=\"swiper-slide\" role=\"group\" aria-roledescription=\"slide\">\n\t\t\t\t\t\t\t\t\t<div class=\"elementor-carousel-image swiper-lazy\" role=\"img\" aria-label=\"661_bildspel4\" data-background=\"https:\/\/ecolog.dev03.extrude.se\/wp-content\/uploads\/2023\/10\/661_bildspel4.jpg\">\n\n\t\t\t\t\t\t\t<div class=\"swiper-lazy-preloader\"><\/div>\n\t\t\t\n\t\t\t\t\t<\/div>\n\t\t\t\t\t\t\t\t<\/div>\n\t\t\t\t\t\t\t\t\t\t\t<div class=\"swiper-slide\" role=\"group\" aria-roledescription=\"slide\">\n\t\t\t\t\t\t\t\t\t<div class=\"elementor-carousel-image swiper-lazy\" role=\"img\" aria-label=\"661_bildspel1\" data-background=\"https:\/\/ecolog.dev03.extrude.se\/wp-content\/uploads\/2023\/10\/661_bildspel1.jpg\">\n\n\t\t\t\t\t\t\t<div class=\"swiper-lazy-preloader\"><\/div>\n\t\t\t\n\t\t\t\t\t<\/div>\n\t\t\t\t\t\t\t\t<\/div>\n\t\t\t\t\t\t\t\t\t\t\t<div class=\"swiper-slide\" role=\"group\" aria-roledescription=\"slide\">\n\t\t\t\t\t\t\t\t\t<div class=\"elementor-carousel-image swiper-lazy\" role=\"img\" aria-label=\"661_bildspel2\" data-background=\"https:\/\/ecolog.dev03.extrude.se\/wp-content\/uploads\/2023\/10\/661_bildspel2.jpg\">\n\n\t\t\t\t\t\t\t<div class=\"swiper-lazy-preloader\"><\/div>\n\t\t\t\n\t\t\t\t\t<\/div>\n\t\t\t\t\t\t\t\t<\/div>\n\t\t\t\t\t\t\t\t\t<\/div>\n\t\t\t\t\t\t\t\t\t\t\t\t\t\t\t<div class=\"elementor-swiper-button elementor-swiper-button-prev\" role=\"button\" tabindex=\"0\" aria-label=\"Previous\">\n\t\t\t\t\t\t\t<i aria-hidden=\"true\" class=\"eicon-chevron-left\"><\/i>\t\t\t\t\t\t<\/div>\n\t\t\t\t\t\t<div class=\"elementor-swiper-button elementor-swiper-button-next\" role=\"button\" tabindex=\"0\" aria-label=\"Next\">\n\t\t\t\t\t\t\t<i aria-hidden=\"true\" class=\"eicon-chevron-right\"><\/i>\t\t\t\t\t\t<\/div>\n\t\t\t\t\t\t\t\t\t\t\t\t\t\t\t\t\t<\/div>\n\t\t\t\t<\/div>\n\t\t\t\t\t\t\t\t<\/div>\n\t\t\t\t<\/div>\n\t\t\t\t<nav class=\"elementor-section elementor-inner-section elementor-element elementor-element-77bc739 elementor-section-boxed elementor-section-height-default elementor-section-height-default\" data-id=\"77bc739\" data-element_type=\"section\" data-settings=\"{&quot;background_background&quot;:&quot;classic&quot;}\">\n\t\t\t\t\t\t<div class=\"elementor-container elementor-column-gap-default\">\n\t\t\t\t\t<div class=\"elementor-column elementor-col-100 elementor-inner-column elementor-element elementor-element-65b30674\" data-id=\"65b30674\" data-element_type=\"column\">\n\t\t\t<div class=\"elementor-widget-wrap elementor-element-populated\">\n\t\t\t\t\t\t<div class=\"elementor-element elementor-element-ac076e2 elementor-nav-menu__align-justify elementor-nav-menu--stretch elementor-nav-menu__text-align-center elementor-widget__width-inherit inpage-menu elementor-nav-menu--dropdown-mobile_extra elementor-nav-menu--toggle elementor-nav-menu--burger elementor-widget elementor-widget-nav-menu\" data-id=\"ac076e2\" data-element_type=\"widget\" data-settings=\"{&quot;full_width&quot;:&quot;stretch&quot;,&quot;layout&quot;:&quot;horizontal&quot;,&quot;submenu_icon&quot;:{&quot;value&quot;:&quot;&lt;i class=\\&quot;fas fa-caret-down\\&quot; aria-hidden=\\&quot;true\\&quot;&gt;&lt;\\\/i&gt;&quot;,&quot;library&quot;:&quot;fa-solid&quot;},&quot;toggle&quot;:&quot;burger&quot;}\" data-widget_type=\"nav-menu.default\">\n\t\t\t\t<div class=\"elementor-widget-container\">\n\t\t\t\t\t\t\t\t<nav aria-label=\"Menu\" class=\"elementor-nav-menu--main elementor-nav-menu__container elementor-nav-menu--layout-horizontal e--pointer-background e--animation-none\">\n\t\t\t\t<ul id=\"menu-1-ac076e2\" class=\"elementor-nav-menu\"><li class=\"menu-item menu-item-type-post_type menu-item-object-page menu-item-4951\"><a href=\"https:\/\/ecolog.dev03.extrude.se\/en\/products\/harvester-heads\/ec-661-lf\/\" class=\"elementor-item\">Product information<\/a><\/li>\n<li class=\"menu-item menu-item-type-post_type menu-item-object-page menu-item-4952\"><a href=\"https:\/\/ecolog.dev03.extrude.se\/en\/products\/harvester-heads\/ec-661-lf\/661-lf-images-videos\/\" class=\"elementor-item\">Images &#038; Videos<\/a><\/li>\n<li class=\"menu-item menu-item-type-post_type menu-item-object-page menu-item-4953\"><a href=\"https:\/\/ecolog.dev03.extrude.se\/en\/products\/harvester-heads\/ec-661-lf\/661-lf-documentation\/\" class=\"elementor-item\">Documentation<\/a><\/li>\n<\/ul>\t\t\t<\/nav>\n\t\t\t\t\t<div class=\"elementor-menu-toggle\" role=\"button\" tabindex=\"0\" aria-label=\"Menu Toggle\" aria-expanded=\"false\">\n\t\t\t<i aria-hidden=\"true\" role=\"presentation\" class=\"elementor-menu-toggle__icon--open eicon-menu-bar\"><\/i><i aria-hidden=\"true\" role=\"presentation\" class=\"elementor-menu-toggle__icon--close eicon-close\"><\/i>\t\t<\/div>\n\t\t\t\t\t<nav class=\"elementor-nav-menu--dropdown elementor-nav-menu__container\" aria-hidden=\"true\">\n\t\t\t\t<ul id=\"menu-2-ac076e2\" class=\"elementor-nav-menu\"><li class=\"menu-item menu-item-type-post_type menu-item-object-page menu-item-4951\"><a href=\"https:\/\/ecolog.dev03.extrude.se\/en\/products\/harvester-heads\/ec-661-lf\/\" class=\"elementor-item\" tabindex=\"-1\">Product information<\/a><\/li>\n<li class=\"menu-item menu-item-type-post_type menu-item-object-page menu-item-4952\"><a href=\"https:\/\/ecolog.dev03.extrude.se\/en\/products\/harvester-heads\/ec-661-lf\/661-lf-images-videos\/\" class=\"elementor-item\" tabindex=\"-1\">Images &#038; Videos<\/a><\/li>\n<li class=\"menu-item menu-item-type-post_type menu-item-object-page menu-item-4953\"><a href=\"https:\/\/ecolog.dev03.extrude.se\/en\/products\/harvester-heads\/ec-661-lf\/661-lf-documentation\/\" class=\"elementor-item\" tabindex=\"-1\">Documentation<\/a><\/li>\n<\/ul>\t\t\t<\/nav>\n\t\t\t\t\t\t<\/div>\n\t\t\t\t<\/div>\n\t\t\t\t\t<\/div>\n\t\t<\/div>\n\t\t\t\t\t<\/div>\n\t\t<\/nav>\n\t\t\t\t\t<\/div>\n\t\t<\/div>\n\t\t\t\t\t<\/div>\n\t\t<\/section>\n\t\t\t\t<section class=\"elementor-section elementor-top-section elementor-element elementor-element-462c4d76 elementor-section-boxed elementor-section-height-default elementor-section-height-default\" data-id=\"462c4d76\" data-element_type=\"section\" data-settings=\"{&quot;background_background&quot;:&quot;classic&quot;}\">\n\t\t\t\t\t\t<div class=\"elementor-container elementor-column-gap-default\">\n\t\t\t\t\t<div class=\"elementor-column elementor-col-100 elementor-top-column elementor-element elementor-element-76607ee2\" data-id=\"76607ee2\" data-element_type=\"column\">\n\t\t\t<div class=\"elementor-widget-wrap elementor-element-populated\">\n\t\t\t\t\t\t<div class=\"elementor-element elementor-element-2ad177f1 elementor-widget elementor-widget-heading\" data-id=\"2ad177f1\" data-element_type=\"widget\" data-widget_type=\"heading.default\">\n\t\t\t\t<div class=\"elementor-widget-container\">\n\t\t\t\t\t<h1 class=\"elementor-heading-title elementor-size-default\">Sk\u00f6rdaraggregat EC 661 LF<\/h1>\t\t\t\t<\/div>\n\t\t\t\t<\/div>\n\t\t\t\t<div class=\"elementor-element elementor-element-4729894 elementor-widget elementor-widget-text-editor\" data-id=\"4729894\" data-element_type=\"widget\" data-widget_type=\"text-editor.default\">\n\t\t\t\t<div class=\"elementor-widget-container\">\n\t\t\t\t\t\t\t\t\t<p><span class=\"h2\">Brochures<\/span><\/p><p><a title=\"Eco Log aggregat broschyr_web_Eng.pdf\" href=\"https:\/\/ecolog.dev03.extrude.se\/wp-content\/uploads\/2023\/10\/eco-log-aggregat-broschyr_web_eng.pdf\" target=\"_blank\" rel=\"noopener\" data-id=\"3582\">Eco Log Harvester Heads &#8211; English<\/a><\/p><p><span class=\"h3\">Other languages<\/span><\/p><p><a title=\"Eco Log aggregat broschyr_web_DE.pdf\" href=\"https:\/\/ecolog.dev03.extrude.se\/wp-content\/uploads\/2023\/10\/eco-log-aggregat-broschyr_web_de.pdf\" target=\"_blank\" rel=\"noopener\" data-id=\"3581\">Brochure Eco Log Harvester\u00a0Heads-\u00a0German<\/a><\/p><p><a title=\"Eco Log aggregat broschyr_web_FR.pdf\" href=\"https:\/\/ecolog.dev03.extrude.se\/wp-content\/uploads\/2023\/10\/eco-log-aggregat-broschyr_web_fr.pdf\" target=\"_blank\" rel=\"noopener\" data-id=\"3584\">Brochure Eco Log Harvester Heads &#8211; French<\/a><\/p><p><a title=\"Eco Log aggregat broschyr_web_ES.pdf\" href=\"https:\/\/ecolog.dev03.extrude.se\/wp-content\/uploads\/2023\/10\/eco-log-aggregat-broschyr_web_es.pdf\" target=\"_blank\" rel=\"noopener\" data-id=\"3583\">Brochure Eco Log Harvester Heads &#8211; Spanish<\/a><\/p><p><a title=\"Eco Log aggregat broschyr_web_RU.pdf\" href=\"https:\/\/ecolog.dev03.extrude.se\/wp-content\/uploads\/2023\/10\/eco-log-aggregat-broschyr_web_ru.pdf\" target=\"_blank\" rel=\"noopener\" data-id=\"3587\">Brochure Eco Log Harvester Heads &#8211; Russian<\/a><\/p><p><a title=\"Eco Log aggregat broschyr_web_FI.pdf\" href=\"https:\/\/ecolog.dev03.extrude.se\/wp-content\/uploads\/2023\/10\/eco-log-aggregat-broschyr_web_fi.pdf\" target=\"_blank\" rel=\"noopener\" data-id=\"3585\">Brochure Eco Log Harvester Heads &#8211; Finnish<\/a><\/p><p><a title=\"Eco Log aggregat broschyr_web_PL.pdf\" href=\"https:\/\/ecolog.dev03.extrude.se\/wp-content\/uploads\/2023\/10\/eco-log-aggregat-broschyr_web_pl.pdf\" target=\"_blank\" rel=\"noopener\" data-id=\"3586\">Brochure Eco Log Harvester Heads &#8211; Polish<\/a><\/p><p><a title=\"Eco Log aggregat broschyr_web_CZ.pdf\" href=\"https:\/\/ecolog.dev03.extrude.se\/wp-content\/uploads\/2023\/10\/eco-log-aggregat-broschyr_web_cz.pdf\" target=\"_blank\" rel=\"noopener\" data-id=\"3728\">Brochure Eco Log Harvester Heads &#8211; Czech<\/a><\/p>\t\t\t\t\t\t\t\t<\/div>\n\t\t\t\t<\/div>\n\t\t\t\t\t<\/div>\n\t\t<\/div>\n\t\t\t\t\t<\/div>\n\t\t<\/section>\n\t\t\t\t<\/div>\n\t\t","protected":false},"excerpt":{"rendered":"<p>F\u00f6reg\u00e5ende N\u00e4sta Sk\u00f6rdaraggregat EC 661 LF Brochures Eco Log Harvester Heads &#8211; English Other languages Brochure Eco Log Harvester\u00a0Heads-\u00a0German Brochure Eco Log Harvester Heads &#8211; French Brochure Eco Log Harvester Heads &#8211; Spanish Brochure Eco Log Harvester Heads &#8211; Russian Brochure Eco Log Harvester Heads &#8211; Finnish Brochure Eco Log Harvester Heads &#8211; Polish Brochure [&hellip;]<\/p>\n","protected":false},"author":1,"featured_media":0,"parent":4779,"menu_order":20,"comment_status":"closed","ping_status":"closed","template":"single.php","meta":{"_acf_changed":false,"footnotes":""},"class_list":["post-4717","page","type-page","status-publish","hentry"],"acf":[],"_links":{"self":[{"href":"https:\/\/ecolog.dev03.extrude.se\/en\/wp-json\/wp\/v2\/pages\/4717","targetHints":{"allow":["GET"]}}],"collection":[{"href":"https:\/\/ecolog.dev03.extrude.se\/en\/wp-json\/wp\/v2\/pages"}],"about":[{"href":"https:\/\/ecolog.dev03.extrude.se\/en\/wp-json\/wp\/v2\/types\/page"}],"author":[{"embeddable":true,"href":"https:\/\/ecolog.dev03.extrude.se\/en\/wp-json\/wp\/v2\/users\/1"}],"replies":[{"embeddable":true,"href":"https:\/\/ecolog.dev03.extrude.se\/en\/wp-json\/wp\/v2\/comments?post=4717"}],"version-history":[{"count":4,"href":"https:\/\/ecolog.dev03.extrude.se\/en\/wp-json\/wp\/v2\/pages\/4717\/revisions"}],"predecessor-version":[{"id":4724,"href":"https:\/\/ecolog.dev03.extrude.se\/en\/wp-json\/wp\/v2\/pages\/4717\/revisions\/4724"}],"up":[{"embeddable":true,"href":"https:\/\/ecolog.dev03.extrude.se\/en\/wp-json\/wp\/v2\/pages\/4779"}],"wp:attachment":[{"href":"https:\/\/ecolog.dev03.extrude.se\/en\/wp-json\/wp\/v2\/media?parent=4717"}],"curies":[{"name":"wp","href":"https:\/\/api.w.org\/{rel}","templated":true}]}}