{"id":4848,"date":"2023-10-24T14:14:49","date_gmt":"2023-10-24T12:14:49","guid":{"rendered":"https:\/\/ecolog.dev03.extrude.se\/products\/harvesters\/g-serien-product-information\/"},"modified":"2023-10-26T19:41:53","modified_gmt":"2023-10-26T17:41:53","slug":"harvesters-g-series","status":"publish","type":"page","link":"https:\/\/ecolog.dev03.extrude.se\/en\/products\/harvesters\/harvesters-g-series\/","title":{"rendered":"G-serien Product information"},"content":{"rendered":"\t\t<div data-elementor-type=\"wp-page\" data-elementor-id=\"4848\" class=\"elementor elementor-4848 elementor-3953\" data-elementor-post-type=\"page\">\n\t\t\t\t\t\t<section class=\"elementor-section elementor-top-section elementor-element elementor-element-9c7af69 elementor-section-boxed elementor-section-height-default elementor-section-height-default\" data-id=\"9c7af69\" data-element_type=\"section\">\n\t\t\t\t\t\t<div class=\"elementor-container elementor-column-gap-default\">\n\t\t\t\t\t<div class=\"elementor-column elementor-col-100 elementor-top-column elementor-element elementor-element-dd30d1b\" data-id=\"dd30d1b\" data-element_type=\"column\">\n\t\t\t<div class=\"elementor-widget-wrap elementor-element-populated\">\n\t\t\t\t\t\t<div class=\"elementor-element elementor-element-e8f05dd elementor-skin-carousel elementor-arrows-yes elementor-widget elementor-widget-media-carousel\" data-id=\"e8f05dd\" data-element_type=\"widget\" data-settings=\"{&quot;slides_per_view&quot;:&quot;1&quot;,&quot;lazyload&quot;:&quot;yes&quot;,&quot;speed&quot;:800,&quot;autoplay_speed&quot;:10000,&quot;space_between&quot;:{&quot;unit&quot;:&quot;px&quot;,&quot;size&quot;:0,&quot;sizes&quot;:[]},&quot;slides_per_view_tablet&quot;:&quot;1&quot;,&quot;skin&quot;:&quot;carousel&quot;,&quot;effect&quot;:&quot;slide&quot;,&quot;show_arrows&quot;:&quot;yes&quot;,&quot;autoplay&quot;:&quot;yes&quot;,&quot;loop&quot;:&quot;yes&quot;,&quot;pause_on_hover&quot;:&quot;yes&quot;,&quot;pause_on_interaction&quot;:&quot;yes&quot;,&quot;space_between_tablet&quot;:{&quot;unit&quot;:&quot;px&quot;,&quot;size&quot;:10,&quot;sizes&quot;:[]},&quot;space_between_mobile_extra&quot;:{&quot;unit&quot;:&quot;px&quot;,&quot;size&quot;:10,&quot;sizes&quot;:[]},&quot;space_between_mobile&quot;:{&quot;unit&quot;:&quot;px&quot;,&quot;size&quot;:10,&quot;sizes&quot;:[]}}\" data-widget_type=\"media-carousel.default\">\n\t\t\t\t<div class=\"elementor-widget-container\">\n\t\t\t\t\t\t\t\t\t<div class=\"elementor-swiper\">\n\t\t\t\t\t<div class=\"elementor-main-swiper swiper\" role=\"region\" aria-roledescription=\"carousel\" aria-label=\"Slides\">\n\t\t\t\t<div class=\"swiper-wrapper\">\n\t\t\t\t\t\t\t\t\t\t\t<div class=\"swiper-slide\" role=\"group\" aria-roledescription=\"slide\">\n\t\t\t\t\t\t\t\t\t<div class=\"elementor-carousel-image swiper-lazy\" role=\"img\" aria-label=\"Eco Log 590G\" data-background=\"https:\/\/ecolog.dev03.extrude.se\/wp-content\/uploads\/2023\/10\/FINAL-3_low-res-scaled.jpg\">\n\n\t\t\t\t\t\t\t<div class=\"swiper-lazy-preloader\"><\/div>\n\t\t\t\n\t\t\t\t\t<\/div>\n\t\t\t\t\t\t\t\t<\/div>\n\t\t\t\t\t\t\t\t\t\t\t<div class=\"swiper-slide\" role=\"group\" aria-roledescription=\"slide\">\n\t\t\t\t\t\t\t\t\t<div class=\"elementor-carousel-image swiper-lazy\" role=\"img\" aria-label=\"DSC09741_red_low res\" data-background=\"https:\/\/ecolog.dev03.extrude.se\/wp-content\/uploads\/2023\/10\/DSC09741_red_low-res-scaled.jpg\">\n\n\t\t\t\t\t\t\t<div class=\"swiper-lazy-preloader\"><\/div>\n\t\t\t\n\t\t\t\t\t<\/div>\n\t\t\t\t\t\t\t\t<\/div>\n\t\t\t\t\t\t\t\t\t\t\t<div class=\"swiper-slide\" role=\"group\" aria-roledescription=\"slide\">\n\t\t\t\t\t\t\t\t\t<div class=\"elementor-carousel-image swiper-lazy\" role=\"img\" aria-label=\"Eco Log 590G\" data-background=\"https:\/\/ecolog.dev03.extrude.se\/wp-content\/uploads\/2023\/10\/DSC00361_low-res-scaled.jpg\">\n\n\t\t\t\t\t\t\t<div class=\"swiper-lazy-preloader\"><\/div>\n\t\t\t\n\t\t\t\t\t<\/div>\n\t\t\t\t\t\t\t\t<\/div>\n\t\t\t\t\t\t\t\t\t\t\t<div class=\"swiper-slide\" role=\"group\" aria-roledescription=\"slide\">\n\t\t\t\t\t\t\t\t\t<div class=\"elementor-carousel-image swiper-lazy\" role=\"img\" aria-label=\"DSC09967_red_low res\" data-background=\"https:\/\/ecolog.dev03.extrude.se\/wp-content\/uploads\/2023\/10\/DSC09967_red_low-res-scaled.jpg\">\n\n\t\t\t\t\t\t\t<div class=\"swiper-lazy-preloader\"><\/div>\n\t\t\t\n\t\t\t\t\t<\/div>\n\t\t\t\t\t\t\t\t<\/div>\n\t\t\t\t\t\t\t\t\t<\/div>\n\t\t\t\t\t\t\t\t\t\t\t\t\t\t\t<div class=\"elementor-swiper-button elementor-swiper-button-prev\" role=\"button\" tabindex=\"0\" aria-label=\"Previous\">\n\t\t\t\t\t\t\t<i aria-hidden=\"true\" class=\"eicon-chevron-left\"><\/i>\t\t\t\t\t\t<\/div>\n\t\t\t\t\t\t<div class=\"elementor-swiper-button elementor-swiper-button-next\" role=\"button\" tabindex=\"0\" aria-label=\"Next\">\n\t\t\t\t\t\t\t<i aria-hidden=\"true\" class=\"eicon-chevron-right\"><\/i>\t\t\t\t\t\t<\/div>\n\t\t\t\t\t\t\t\t\t\t\t\t\t\t\t\t\t<\/div>\n\t\t\t\t<\/div>\n\t\t\t\t\t\t\t\t<\/div>\n\t\t\t\t<\/div>\n\t\t\t\t<nav class=\"elementor-section elementor-inner-section elementor-element elementor-element-cdf4222 elementor-section-boxed elementor-section-height-default elementor-section-height-default\" data-id=\"cdf4222\" data-element_type=\"section\" data-settings=\"{&quot;background_background&quot;:&quot;classic&quot;}\">\n\t\t\t\t\t\t<div class=\"elementor-container elementor-column-gap-default\">\n\t\t\t\t\t<div class=\"elementor-column elementor-col-100 elementor-inner-column elementor-element elementor-element-e08dd70\" data-id=\"e08dd70\" data-element_type=\"column\">\n\t\t\t<div class=\"elementor-widget-wrap elementor-element-populated\">\n\t\t\t\t\t\t<div class=\"elementor-element elementor-element-faaa1f4 elementor-nav-menu__align-justify elementor-nav-menu--stretch elementor-nav-menu__text-align-center elementor-widget__width-inherit inpage-menu elementor-nav-menu--dropdown-mobile_extra elementor-nav-menu--toggle elementor-nav-menu--burger elementor-widget elementor-widget-nav-menu\" data-id=\"faaa1f4\" data-element_type=\"widget\" data-settings=\"{&quot;full_width&quot;:&quot;stretch&quot;,&quot;layout&quot;:&quot;horizontal&quot;,&quot;submenu_icon&quot;:{&quot;value&quot;:&quot;&lt;i class=\\&quot;fas fa-caret-down\\&quot; aria-hidden=\\&quot;true\\&quot;&gt;&lt;\\\/i&gt;&quot;,&quot;library&quot;:&quot;fa-solid&quot;},&quot;toggle&quot;:&quot;burger&quot;}\" data-widget_type=\"nav-menu.default\">\n\t\t\t\t<div class=\"elementor-widget-container\">\n\t\t\t\t\t\t\t\t<nav aria-label=\"Menu\" class=\"elementor-nav-menu--main elementor-nav-menu__container elementor-nav-menu--layout-horizontal e--pointer-background e--animation-none\">\n\t\t\t\t<ul id=\"menu-1-faaa1f4\" class=\"elementor-nav-menu\"><li class=\"menu-item menu-item-type-post_type menu-item-object-page menu-item-4933\"><a href=\"https:\/\/ecolog.dev03.extrude.se\/en\/products\/harvesters\/harvesters-g-series\/\" class=\"elementor-item\">Product information<\/a><\/li>\n<li class=\"menu-item menu-item-type-post_type menu-item-object-page menu-item-4934\"><a href=\"https:\/\/ecolog.dev03.extrude.se\/en\/products\/harvesters\/harvesters-g-series\/g-serien-images-videos\/\" class=\"elementor-item\">Images &#038; Videos<\/a><\/li>\n<li class=\"menu-item menu-item-type-post_type menu-item-object-page menu-item-4935\"><a href=\"https:\/\/ecolog.dev03.extrude.se\/en\/products\/harvesters\/harvesters-g-series\/g-serien-documentation\/\" class=\"elementor-item\">Documentation<\/a><\/li>\n<\/ul>\t\t\t<\/nav>\n\t\t\t\t\t<div class=\"elementor-menu-toggle\" role=\"button\" tabindex=\"0\" aria-label=\"Menu Toggle\" aria-expanded=\"false\">\n\t\t\t<i aria-hidden=\"true\" role=\"presentation\" class=\"elementor-menu-toggle__icon--open eicon-menu-bar\"><\/i><i aria-hidden=\"true\" role=\"presentation\" class=\"elementor-menu-toggle__icon--close eicon-close\"><\/i>\t\t<\/div>\n\t\t\t\t\t<nav class=\"elementor-nav-menu--dropdown elementor-nav-menu__container\" aria-hidden=\"true\">\n\t\t\t\t<ul id=\"menu-2-faaa1f4\" class=\"elementor-nav-menu\"><li class=\"menu-item menu-item-type-post_type menu-item-object-page menu-item-4933\"><a href=\"https:\/\/ecolog.dev03.extrude.se\/en\/products\/harvesters\/harvesters-g-series\/\" class=\"elementor-item\" tabindex=\"-1\">Product information<\/a><\/li>\n<li class=\"menu-item menu-item-type-post_type menu-item-object-page menu-item-4934\"><a href=\"https:\/\/ecolog.dev03.extrude.se\/en\/products\/harvesters\/harvesters-g-series\/g-serien-images-videos\/\" class=\"elementor-item\" tabindex=\"-1\">Images &#038; Videos<\/a><\/li>\n<li class=\"menu-item menu-item-type-post_type menu-item-object-page menu-item-4935\"><a href=\"https:\/\/ecolog.dev03.extrude.se\/en\/products\/harvesters\/harvesters-g-series\/g-serien-documentation\/\" class=\"elementor-item\" tabindex=\"-1\">Documentation<\/a><\/li>\n<\/ul>\t\t\t<\/nav>\n\t\t\t\t\t\t<\/div>\n\t\t\t\t<\/div>\n\t\t\t\t\t<\/div>\n\t\t<\/div>\n\t\t\t\t\t<\/div>\n\t\t<\/nav>\n\t\t\t\t\t<\/div>\n\t\t<\/div>\n\t\t\t\t\t<\/div>\n\t\t<\/section>\n\t\t\t\t<section class=\"elementor-section elementor-top-section elementor-element elementor-element-01bea7f elementor-section-boxed elementor-section-height-default elementor-section-height-default\" data-id=\"01bea7f\" data-element_type=\"section\" data-settings=\"{&quot;background_background&quot;:&quot;classic&quot;}\">\n\t\t\t\t\t\t<div class=\"elementor-container elementor-column-gap-default\">\n\t\t\t\t\t<div class=\"elementor-column elementor-col-100 elementor-top-column elementor-element elementor-element-77cef6e\" data-id=\"77cef6e\" data-element_type=\"column\">\n\t\t\t<div class=\"elementor-widget-wrap elementor-element-populated\">\n\t\t\t\t\t\t<section class=\"elementor-section elementor-inner-section elementor-element elementor-element-28cf120 elementor-section-boxed elementor-section-height-default elementor-section-height-default\" data-id=\"28cf120\" data-element_type=\"section\">\n\t\t\t\t\t\t<div class=\"elementor-container elementor-column-gap-default\">\n\t\t\t\t\t<div class=\"elementor-column elementor-col-100 elementor-inner-column elementor-element elementor-element-5bae499\" data-id=\"5bae499\" data-element_type=\"column\">\n\t\t\t<div class=\"elementor-widget-wrap elementor-element-populated\">\n\t\t\t\t\t\t<div class=\"elementor-element elementor-element-48a4788 elementor-widget elementor-widget-heading\" data-id=\"48a4788\" data-element_type=\"widget\" data-widget_type=\"heading.default\">\n\t\t\t\t<div class=\"elementor-widget-container\">\n\t\t\t\t\t<h1 class=\"elementor-heading-title elementor-size-default\">Harvesters G series<\/h1>\t\t\t\t<\/div>\n\t\t\t\t<\/div>\n\t\t\t\t<div class=\"elementor-element elementor-element-d8dfcc0 elementor-widget elementor-widget-text-editor\" data-id=\"d8dfcc0\" data-element_type=\"widget\" data-widget_type=\"text-editor.default\">\n\t\t\t\t<div class=\"elementor-widget-container\">\n\t\t\t\t\t\t\t\t\t<p><strong>More information about time for start of sales and details on every machine model will follow shortly<\/strong><\/p>\n<p>Eco Log\u2019s G series of pendulum arm harvesters offers you as a customer highly productive harvesters for all your needs \u2013 from our smallest, the Eco Log 550, to our largest, the Eco Log 590.<\/p>\n<p>Apart from our brand new cabin, all G-series harvesters comes with several, large updates that was first introduced on our F-series harvesters during Autumn 2022 \u2013 updates that increases productivity, performance and serviceability and at the same time ensures that the machines meet future safety requirements.<\/p>\n<p style=\"border: 0px; margin: 0px 0px 10px; padding: 0px; line-height: 1.5em;\">These updates include, amongst other things,<\/p>\n<ul style=\"margin: 0px 0px 10px 30px; padding: 0px; font-size: 16px; line-height: 1.5em; background-color: #ffffff;\">\n<li style=\"margin: 0px; padding: 0px; font-size: 18px; line-height: 1.5em;\">New, modern control system, Eco Log NexSci, user-friendly keypads and eleven-button joystick<\/li>\n<li style=\"margin: 0px; padding: 0px; font-size: 18px; line-height: 1.5em;\">New rear wheel transmission for increased speed and traction.<\/li>\n<li style=\"margin: 0px; padding: 0px; font-size: 18px; line-height: 1.5em;\">A simplified hydraulic system reduces the risk of leaks and delivers greater fuel economy.<\/li>\n<li style=\"margin: 0px; padding: 0px; font-size: 18px; line-height: 1.5em;\">Introduction of a cast rear pendulum arm that increases the machine\u2019s build quality and durability.<\/li>\n<li style=\"margin: 0px; padding: 0px; font-size: 18px; line-height: 1.5em;\">Anti-spin system automatically ensures that power is always given priority on the side with the best grip.<\/li>\n<li style=\"margin: 0px; padding: 0px; font-size: 18px; line-height: 1.5em;\">New and improved ways to climb up onto our machines.<\/li>\n<li style=\"margin: 0px; padding: 0px; font-size: 18px; line-height: 1.5em;\">Updated and strengthened frames<\/li>\n<li style=\"margin: 0px; padding: 0px; font-size: 18px; line-height: 1.5em;\">Several updates for increased access during service and maintenance.<\/li>\n<\/ul>\n\t\t\t\t\t\t\t\t<\/div>\n\t\t\t\t<\/div>\n\t\t\t\t\t<\/div>\n\t\t<\/div>\n\t\t\t\t\t<\/div>\n\t\t<\/section>\n\t\t\t\t\t<\/div>\n\t\t<\/div>\n\t\t\t\t\t<\/div>\n\t\t<\/section>\n\t\t\t\t<section class=\"elementor-section elementor-top-section elementor-element elementor-element-a83059c readmore elementor-section-boxed elementor-section-height-default elementor-section-height-default\" data-id=\"a83059c\" data-element_type=\"section\">\n\t\t\t\t\t\t<div class=\"elementor-container elementor-column-gap-default\">\n\t\t\t\t\t<div class=\"elementor-column elementor-col-100 elementor-top-column elementor-element elementor-element-35a042a\" data-id=\"35a042a\" data-element_type=\"column\">\n\t\t\t<div class=\"elementor-widget-wrap elementor-element-populated\">\n\t\t\t\t\t\t<section class=\"elementor-section elementor-inner-section elementor-element elementor-element-3eec5f7 elementor-section-boxed elementor-section-height-default elementor-section-height-default\" data-id=\"3eec5f7\" data-element_type=\"section\">\n\t\t\t\t\t\t<div class=\"elementor-container elementor-column-gap-default\">\n\t\t\t\t\t<div class=\"elementor-column elementor-col-100 elementor-inner-column elementor-element elementor-element-fdb73d3\" data-id=\"fdb73d3\" data-element_type=\"column\">\n\t\t\t<div class=\"elementor-widget-wrap\">\n\t\t\t\t\t\t\t<\/div>\n\t\t<\/div>\n\t\t\t\t\t<\/div>\n\t\t<\/section>\n\t\t\t\t\t<\/div>\n\t\t<\/div>\n\t\t\t\t\t<\/div>\n\t\t<\/section>\n\t\t\t\t<section class=\"elementor-section elementor-top-section elementor-element elementor-element-d004016 elementor-section-boxed elementor-section-height-default elementor-section-height-default\" data-id=\"d004016\" data-element_type=\"section\" data-settings=\"{&quot;background_background&quot;:&quot;classic&quot;}\">\n\t\t\t\t\t\t<div class=\"elementor-container elementor-column-gap-default\">\n\t\t\t\t\t<div class=\"elementor-column elementor-col-100 elementor-top-column elementor-element elementor-element-6a00238\" data-id=\"6a00238\" data-element_type=\"column\">\n\t\t\t<div class=\"elementor-widget-wrap elementor-element-populated\">\n\t\t\t\t\t\t<div class=\"elementor-element elementor-element-a8efc02 elementor-widget elementor-widget-template\" data-id=\"a8efc02\" data-element_type=\"widget\" data-widget_type=\"template.default\">\n\t\t\t\t<div class=\"elementor-widget-container\">\n\t\t\t\t\t\t\t<div class=\"elementor-template\">\n\t\t\t\t\t<div data-elementor-type=\"section\" data-elementor-id=\"3998\" class=\"elementor elementor-3998 elementor-822\" data-elementor-post-type=\"elementor_library\">\n\t\t\t\t\t<section class=\"elementor-section elementor-top-section elementor-element elementor-element-3907f507 kundnytta-block elementor-section-boxed elementor-section-height-default elementor-section-height-default\" data-id=\"3907f507\" data-element_type=\"section\">\n\t\t\t\t\t\t<div class=\"elementor-container elementor-column-gap-default\">\n\t\t\t\t\t<div class=\"elementor-column elementor-col-100 elementor-top-column elementor-element elementor-element-74f22da1\" data-id=\"74f22da1\" data-element_type=\"column\">\n\t\t\t<div class=\"elementor-widget-wrap elementor-element-populated\">\n\t\t\t\t\t\t<section class=\"elementor-section elementor-inner-section elementor-element elementor-element-421bfa74 elementor-section-boxed elementor-section-height-default elementor-section-height-default\" data-id=\"421bfa74\" data-element_type=\"section\">\n\t\t\t\t\t\t<div class=\"elementor-container elementor-column-gap-default\">\n\t\t\t\t\t<div class=\"elementor-column elementor-col-50 elementor-inner-column elementor-element elementor-element-7b0685d4\" data-id=\"7b0685d4\" data-element_type=\"column\">\n\t\t\t<div class=\"elementor-widget-wrap elementor-element-populated\">\n\t\t\t\t\t\t<div class=\"elementor-element elementor-element-6959bd14 elementor-widget elementor-widget-image\" data-id=\"6959bd14\" data-element_type=\"widget\" data-widget_type=\"image.default\">\n\t\t\t\t<div class=\"elementor-widget-container\">\n\t\t\t\t\t\t\t\t\t\t\t\t\t\t\t<img fetchpriority=\"high\" decoding=\"async\" width=\"2732\" height=\"1536\" src=\"https:\/\/ecolog.dev03.extrude.se\/wp-content\/uploads\/2023\/09\/settings.png\" class=\"attachment-full size-full wp-image-3996\" alt=\"\" srcset=\"https:\/\/ecolog.dev03.extrude.se\/wp-content\/uploads\/2023\/09\/settings.png 2732w, https:\/\/ecolog.dev03.extrude.se\/wp-content\/uploads\/2023\/09\/settings-300x169.png 300w, https:\/\/ecolog.dev03.extrude.se\/wp-content\/uploads\/2023\/09\/settings-1024x576.png 1024w, https:\/\/ecolog.dev03.extrude.se\/wp-content\/uploads\/2023\/09\/settings-768x432.png 768w, https:\/\/ecolog.dev03.extrude.se\/wp-content\/uploads\/2023\/09\/settings-1536x864.png 1536w, https:\/\/ecolog.dev03.extrude.se\/wp-content\/uploads\/2023\/09\/settings-2048x1151.png 2048w\" sizes=\"(max-width: 2732px) 100vw, 2732px\" \/>\t\t\t\t\t\t\t\t\t\t\t\t\t\t\t<\/div>\n\t\t\t\t<\/div>\n\t\t\t\t\t<\/div>\n\t\t<\/div>\n\t\t\t\t<div class=\"elementor-column elementor-col-50 elementor-inner-column elementor-element elementor-element-2434fb8c\" data-id=\"2434fb8c\" data-element_type=\"column\">\n\t\t\t<div class=\"elementor-widget-wrap elementor-element-populated\">\n\t\t\t\t\t\t<div class=\"elementor-element elementor-element-641a507 elementor-widget__width-auto elementor-widget elementor-widget-heading\" data-id=\"641a507\" data-element_type=\"widget\" data-widget_type=\"heading.default\">\n\t\t\t\t<div class=\"elementor-widget-container\">\n\t\t\t\t\t<span class=\"elementor-heading-title elementor-size-default\">Eco Log NexSci<\/span>\t\t\t\t<\/div>\n\t\t\t\t<\/div>\n\t\t\t\t<div class=\"elementor-element elementor-element-2b5b7f3d elementor-widget elementor-widget-text-editor\" data-id=\"2b5b7f3d\" data-element_type=\"widget\" data-widget_type=\"text-editor.default\">\n\t\t\t\t<div class=\"elementor-widget-container\">\n\t\t\t\t\t\t\t\t\t<p>Eco Log NexSci is a flexible and modern control system that takes your operator experience to a whole new level. When developing Eco Log NexSci, we have had you, the operator, foremost in our minds, resulting in a system with a focus on great user-friendliness that enables you to make all the necessary selections and settings easily and intuitively.<\/p>\t\t\t\t\t\t\t\t<\/div>\n\t\t\t\t<\/div>\n\t\t\t\t\t<\/div>\n\t\t<\/div>\n\t\t\t\t\t<\/div>\n\t\t<\/section>\n\t\t\t\t<section class=\"elementor-section elementor-inner-section elementor-element elementor-element-42b8dc6e readmore elementor-section-boxed elementor-section-height-default elementor-section-height-default\" data-id=\"42b8dc6e\" data-element_type=\"section\">\n\t\t\t\t\t\t<div class=\"elementor-container elementor-column-gap-default\">\n\t\t\t\t\t<div class=\"elementor-column elementor-col-100 elementor-inner-column elementor-element elementor-element-4cca42ea\" data-id=\"4cca42ea\" data-element_type=\"column\">\n\t\t\t<div class=\"elementor-widget-wrap elementor-element-populated\">\n\t\t\t\t\t\t<div class=\"elementor-element elementor-element-9f0ac6a elementor-widget elementor-widget-text-editor\" data-id=\"9f0ac6a\" data-element_type=\"widget\" data-widget_type=\"text-editor.default\">\n\t\t\t\t<div class=\"elementor-widget-container\">\n\t\t\t\t\t\t\t\t\t<p>Eco Log NexSci also gathers all machine functions on a single display. For you as an operator, this provides an excellent overview of both bucking and machine data while working, with all functions presented in a clear, stylish, and modern interface.<\/p>\t\t\t\t\t\t\t\t<\/div>\n\t\t\t\t<\/div>\n\t\t\t\t\t<\/div>\n\t\t<\/div>\n\t\t\t\t\t<\/div>\n\t\t<\/section>\n\t\t\t\t\t<\/div>\n\t\t<\/div>\n\t\t\t\t\t<\/div>\n\t\t<\/section>\n\t\t\t\t<\/div>\n\t\t\t\t<\/div>\n\t\t\t\t\t\t<\/div>\n\t\t\t\t<\/div>\n\t\t\t\t\t<\/div>\n\t\t<\/div>\n\t\t\t\t\t<\/div>\n\t\t<\/section>\n\t\t\t\t<section class=\"elementor-section elementor-top-section elementor-element elementor-element-610a06a elementor-section-boxed elementor-section-height-default elementor-section-height-default\" data-id=\"610a06a\" data-element_type=\"section\" data-settings=\"{&quot;background_background&quot;:&quot;classic&quot;}\">\n\t\t\t\t\t\t<div class=\"elementor-container elementor-column-gap-default\">\n\t\t\t\t\t<div class=\"elementor-column elementor-col-100 elementor-top-column elementor-element elementor-element-b18639e\" data-id=\"b18639e\" data-element_type=\"column\">\n\t\t\t<div class=\"elementor-widget-wrap elementor-element-populated\">\n\t\t\t\t\t\t<div class=\"elementor-element elementor-element-49a6dca elementor-align-center elementor-widget elementor-widget-global elementor-global-5389 elementor-global-5220 elementor-widget-button\" data-id=\"49a6dca\" data-element_type=\"widget\" data-widget_type=\"button.default\">\n\t\t\t\t<div class=\"elementor-widget-container\">\n\t\t\t\t\t\t\t\t\t<div class=\"elementor-button-wrapper\">\n\t\t\t\t\t<a class=\"elementor-button elementor-button-link elementor-size-lg\" href=\"https:\/\/ecolog.dev03.extrude.se\/en\/dealers\/\">\n\t\t\t\t\t\t<span class=\"elementor-button-content-wrapper\">\n\t\t\t\t\t\t\t\t\t<span class=\"elementor-button-text\">CONTACT YOUR DEALER<\/span>\n\t\t\t\t\t<\/span>\n\t\t\t\t\t<\/a>\n\t\t\t\t<\/div>\n\t\t\t\t\t\t\t\t<\/div>\n\t\t\t\t<\/div>\n\t\t\t\t\t<\/div>\n\t\t<\/div>\n\t\t\t\t\t<\/div>\n\t\t<\/section>\n\t\t\t\t<\/div>\n\t\t","protected":false},"excerpt":{"rendered":"<p>F\u00f6reg\u00e5ende N\u00e4sta Harvesters G series More information about time for start of sales and details on every machine model will follow shortly Eco Log\u2019s G series of pendulum arm harvesters offers you as a customer highly productive harvesters for all your needs \u2013 from our smallest, the Eco Log 550, to our largest, the Eco [&hellip;]<\/p>\n","protected":false},"author":2,"featured_media":0,"parent":4462,"menu_order":60,"comment_status":"closed","ping_status":"closed","template":"","meta":{"_acf_changed":false,"footnotes":""},"class_list":["post-4848","page","type-page","status-publish","hentry"],"acf":[],"_links":{"self":[{"href":"https:\/\/ecolog.dev03.extrude.se\/en\/wp-json\/wp\/v2\/pages\/4848","targetHints":{"allow":["GET"]}}],"collection":[{"href":"https:\/\/ecolog.dev03.extrude.se\/en\/wp-json\/wp\/v2\/pages"}],"about":[{"href":"https:\/\/ecolog.dev03.extrude.se\/en\/wp-json\/wp\/v2\/types\/page"}],"author":[{"embeddable":true,"href":"https:\/\/ecolog.dev03.extrude.se\/en\/wp-json\/wp\/v2\/users\/2"}],"replies":[{"embeddable":true,"href":"https:\/\/ecolog.dev03.extrude.se\/en\/wp-json\/wp\/v2\/comments?post=4848"}],"version-history":[{"count":3,"href":"https:\/\/ecolog.dev03.extrude.se\/en\/wp-json\/wp\/v2\/pages\/4848\/revisions"}],"predecessor-version":[{"id":5477,"href":"https:\/\/ecolog.dev03.extrude.se\/en\/wp-json\/wp\/v2\/pages\/4848\/revisions\/5477"}],"up":[{"embeddable":true,"href":"https:\/\/ecolog.dev03.extrude.se\/en\/wp-json\/wp\/v2\/pages\/4462"}],"wp:attachment":[{"href":"https:\/\/ecolog.dev03.extrude.se\/en\/wp-json\/wp\/v2\/media?parent=4848"}],"curies":[{"name":"wp","href":"https:\/\/api.w.org\/{rel}","templated":true}]}}