{"id":59,"date":"2023-08-23T14:43:34","date_gmt":"2023-08-23T12:43:34","guid":{"rendered":"http:\/\/ecolog.dev03.extrude.se\/?page_id=59"},"modified":"2023-10-15T09:57:52","modified_gmt":"2023-10-15T07:57:52","slug":"serviceavtal","status":"publish","type":"page","link":"https:\/\/ecolog.dev03.extrude.se\/en\/tjanster\/serviceavtal\/","title":{"rendered":"Serviceavtal"},"content":{"rendered":"\t\t<div data-elementor-type=\"wp-page\" data-elementor-id=\"59\" class=\"elementor elementor-59\" data-elementor-post-type=\"page\">\n\t\t\t\t\t\t<section class=\"elementor-section elementor-top-section elementor-element elementor-element-391580ef elementor-section-boxed elementor-section-height-default elementor-section-height-default\" data-id=\"391580ef\" data-element_type=\"section\">\n\t\t\t\t\t\t<div class=\"elementor-container elementor-column-gap-default\">\n\t\t\t\t\t<div class=\"elementor-column elementor-col-100 elementor-top-column elementor-element elementor-element-67a09f72 page_top_image\" data-id=\"67a09f72\" data-element_type=\"column\" data-settings=\"{&quot;background_background&quot;:&quot;classic&quot;}\">\n\t\t\t<div class=\"elementor-widget-wrap elementor-element-populated\">\n\t\t\t\t\t\t<div class=\"elementor-element elementor-element-6d38854 elementor-widget elementor-widget-heading\" data-id=\"6d38854\" data-element_type=\"widget\" data-widget_type=\"heading.default\">\n\t\t\t\t<div class=\"elementor-widget-container\">\n\t\t\t\t\t<h2 class=\"elementor-heading-title elementor-size-default\">V\u00e5ra tj\u00e4nster<\/h2>\t\t\t\t<\/div>\n\t\t\t\t<\/div>\n\t\t\t\t<div class=\"elementor-element elementor-element-48b545d elementor-widget elementor-widget-text-editor\" data-id=\"48b545d\" data-element_type=\"widget\" data-widget_type=\"text-editor.default\">\n\t\t\t\t<div class=\"elementor-widget-container\">\n\t\t\t\t\t\t\t\t\t<p>Smarta tj\u00e4nster f\u00f6r ett smartare skogsbruk.<\/p>\t\t\t\t\t\t\t\t<\/div>\n\t\t\t\t<\/div>\n\t\t\t\t<div class=\"elementor-element elementor-element-21a5d3d elementor-align-right elementor-widget elementor-widget-button\" data-id=\"21a5d3d\" data-element_type=\"widget\" data-widget_type=\"button.default\">\n\t\t\t\t<div class=\"elementor-widget-container\">\n\t\t\t\t\t\t\t\t\t<div class=\"elementor-button-wrapper\">\n\t\t\t\t\t<a class=\"elementor-button elementor-button-link elementor-size-md\" href=\"https:\/\/ecolog.dev03.extrude.se\/kontakt\/\">\n\t\t\t\t\t\t<span class=\"elementor-button-content-wrapper\">\n\t\t\t\t\t\t\t\t\t<span class=\"elementor-button-text\">KONTAKTA OSS<\/span>\n\t\t\t\t\t<\/span>\n\t\t\t\t\t<\/a>\n\t\t\t\t<\/div>\n\t\t\t\t\t\t\t\t<\/div>\n\t\t\t\t<\/div>\n\t\t\t\t\t<\/div>\n\t\t<\/div>\n\t\t\t\t\t<\/div>\n\t\t<\/section>\n\t\t\t\t<section class=\"elementor-section elementor-top-section elementor-element elementor-element-37ce0ef elementor-section-boxed elementor-section-height-default elementor-section-height-default\" data-id=\"37ce0ef\" data-element_type=\"section\">\n\t\t\t\t\t\t<div class=\"elementor-container elementor-column-gap-default\">\n\t\t\t\t\t<div class=\"elementor-column elementor-col-100 elementor-top-column elementor-element elementor-element-3685cf0\" data-id=\"3685cf0\" data-element_type=\"column\" data-settings=\"{&quot;background_background&quot;:&quot;classic&quot;}\">\n\t\t\t<div class=\"elementor-widget-wrap elementor-element-populated\">\n\t\t\t\t\t\t<nav class=\"elementor-section elementor-inner-section elementor-element elementor-element-4c26329 elementor-section-boxed elementor-section-height-default elementor-section-height-default\" data-id=\"4c26329\" data-element_type=\"section\" data-settings=\"{&quot;background_background&quot;:&quot;classic&quot;}\">\n\t\t\t\t\t\t<div class=\"elementor-container elementor-column-gap-default\">\n\t\t\t\t\t<div class=\"elementor-column elementor-col-100 elementor-inner-column elementor-element elementor-element-f701b51\" data-id=\"f701b51\" data-element_type=\"column\">\n\t\t\t<div class=\"elementor-widget-wrap elementor-element-populated\">\n\t\t\t\t\t\t\t<\/div>\n\t\t<\/div>\n\t\t\t\t\t<\/div>\n\t\t<\/nav>\n\t\t\t\t\t<\/div>\n\t\t<\/div>\n\t\t\t\t\t<\/div>\n\t\t<\/section>\n\t\t\t\t<section class=\"elementor-section elementor-top-section elementor-element elementor-element-37dbd1c elementor-section-boxed elementor-section-height-default elementor-section-height-default\" data-id=\"37dbd1c\" data-element_type=\"section\" data-settings=\"{&quot;background_background&quot;:&quot;classic&quot;}\">\n\t\t\t\t\t\t<div class=\"elementor-container elementor-column-gap-default\">\n\t\t\t\t\t<div class=\"elementor-column elementor-col-100 elementor-top-column elementor-element elementor-element-79a74f32\" data-id=\"79a74f32\" data-element_type=\"column\">\n\t\t\t<div class=\"elementor-widget-wrap elementor-element-populated\">\n\t\t\t\t\t\t<section class=\"elementor-section elementor-inner-section elementor-element elementor-element-4d3b18a9 elementor-section-boxed elementor-section-height-default elementor-section-height-default\" data-id=\"4d3b18a9\" data-element_type=\"section\">\n\t\t\t\t\t\t<div class=\"elementor-container elementor-column-gap-default\">\n\t\t\t\t\t<div class=\"elementor-column elementor-col-100 elementor-inner-column elementor-element elementor-element-2019175e\" data-id=\"2019175e\" data-element_type=\"column\">\n\t\t\t<div class=\"elementor-widget-wrap elementor-element-populated\">\n\t\t\t\t\t\t<div class=\"elementor-element elementor-element-6462d2d5 elementor-widget elementor-widget-heading\" data-id=\"6462d2d5\" data-element_type=\"widget\" data-widget_type=\"heading.default\">\n\t\t\t\t<div class=\"elementor-widget-container\">\n\t\t\t\t\t<h2 class=\"elementor-heading-title elementor-size-default\">Serviceavtal<\/h2>\t\t\t\t<\/div>\n\t\t\t\t<\/div>\n\t\t\t\t<div class=\"elementor-element elementor-element-5108473a elementor-widget elementor-widget-text-editor\" data-id=\"5108473a\" data-element_type=\"widget\" data-widget_type=\"text-editor.default\">\n\t\t\t\t<div class=\"elementor-widget-container\">\n\t\t\t\t\t\t\t\t\t<div class=\"col-sm-10 col-sm-offset-1\"><p><span class=\"h3\">Teckna serviceavtal och koppla av<\/span><\/p><p>Med Eco Log Serviceavtal f\u00e5r du full kontroll p\u00e5 dina servicekostnader. Och inte nog med det \u2013 du s\u00e4kerst\u00e4ller \u00e4ven att Eco Logs originaldelar alltid anv\u00e4nds och att arbetet utf\u00f6rs av n\u00e5gon av v\u00e5ra auktoriserade servicel\u00e4mnare. Teckna serviceavtal redan idag!<\/p><p><span class=\"h3\">F\u00f6rdelar med Eco Log Serviceavtal<\/span><\/p><ul><li>Du vet p\u00e5 f\u00f6rhand vad det ska kosta.<\/li><li>Eco Logs originalreservdelar anv\u00e4nds alltid.<\/li><li>Material, arbete och resor ing\u00e5r.<\/li><li>Du kan k\u00e4nna dig trygg med att arbetet blir korrekt utf\u00f6rt av Eco Logs auktoriserade servicel\u00e4mnare.<\/li><li>\u00d6kade m\u00f6jligheter till h\u00f6gre andrahandsv\u00e4rde med komplett servicebok.<\/li><li>Minskad risk f\u00f6r of\u00f6rutsedda utgifter n\u00e4r maskinen \u00e4r korrekt servad.<\/li><\/ul><p>Serviceavtalet kan kompletteras med ett reservdelsavtal vilket innefattar de reservdelar som \u00e5tg\u00e5r f\u00f6r reparationer under avtalstiden.<\/p><\/div>\t\t\t\t\t\t\t\t<\/div>\n\t\t\t\t<\/div>\n\t\t\t\t\t<\/div>\n\t\t<\/div>\n\t\t\t\t\t<\/div>\n\t\t<\/section>\n\t\t\t\t<div class=\"elementor-element elementor-element-715a9cc elementor-widget elementor-widget-text-editor\" data-id=\"715a9cc\" data-element_type=\"widget\" data-widget_type=\"text-editor.default\">\n\t\t\t\t<div class=\"elementor-widget-container\">\n\t\t\t\t\t\t\t\t\t<div class=\"col-sm-10 col-sm-offset-1\"><p>Kontakta s\u00e4ljare<\/p><\/div>\t\t\t\t\t\t\t\t<\/div>\n\t\t\t\t<\/div>\n\t\t\t\t<section class=\"elementor-section elementor-inner-section elementor-element elementor-element-34d2880 elementor-section-boxed elementor-section-height-default elementor-section-height-default\" data-id=\"34d2880\" data-element_type=\"section\">\n\t\t\t\t\t\t<div class=\"elementor-container elementor-column-gap-default\">\n\t\t\t\t\t<div class=\"elementor-column elementor-col-100 elementor-inner-column elementor-element elementor-element-4c13849\" data-id=\"4c13849\" data-element_type=\"column\">\n\t\t\t<div class=\"elementor-widget-wrap elementor-element-populated\">\n\t\t\t\t\t\t<div class=\"elementor-element elementor-element-fb8ff55 elementor-grid-2 elementor-grid-tablet-2 elementor-grid-mobile-1 elementor-widget elementor-widget-loop-grid\" data-id=\"fb8ff55\" data-element_type=\"widget\" data-settings=\"{&quot;template_id&quot;:1104,&quot;columns&quot;:2,&quot;_skin&quot;:&quot;post&quot;,&quot;columns_tablet&quot;:&quot;2&quot;,&quot;columns_mobile&quot;:&quot;1&quot;,&quot;edit_handle_selector&quot;:&quot;[data-elementor-type=\\&quot;loop-item\\&quot;]&quot;,&quot;row_gap&quot;:{&quot;unit&quot;:&quot;px&quot;,&quot;size&quot;:&quot;&quot;,&quot;sizes&quot;:[]},&quot;row_gap_tablet&quot;:{&quot;unit&quot;:&quot;px&quot;,&quot;size&quot;:&quot;&quot;,&quot;sizes&quot;:[]},&quot;row_gap_mobile_extra&quot;:{&quot;unit&quot;:&quot;px&quot;,&quot;size&quot;:&quot;&quot;,&quot;sizes&quot;:[]},&quot;row_gap_mobile&quot;:{&quot;unit&quot;:&quot;px&quot;,&quot;size&quot;:&quot;&quot;,&quot;sizes&quot;:[]}}\" data-widget_type=\"loop-grid.post\">\n\t\t\t\t<div class=\"elementor-widget-container\">\n\t\t\t\t\t\t\t<div class=\"e-loop-nothing-found-message\">\n\t\t<\/div>\n\t\t\t\t\t\t<\/div>\n\t\t\t\t<\/div>\n\t\t\t\t\t<\/div>\n\t\t<\/div>\n\t\t\t\t\t<\/div>\n\t\t<\/section>\n\t\t\t\t\t<\/div>\n\t\t<\/div>\n\t\t\t\t\t<\/div>\n\t\t<\/section>\n\t\t\t\t<\/div>\n\t\t","protected":false},"excerpt":{"rendered":"<p>V\u00e5ra tj\u00e4nster Smarta tj\u00e4nster f\u00f6r ett smartare skogsbruk. KONTAKTA OSS Serviceavtal Teckna serviceavtal och koppla av Med Eco Log Serviceavtal f\u00e5r du full kontroll p\u00e5 dina servicekostnader. Och inte nog med det \u2013 du s\u00e4kerst\u00e4ller \u00e4ven att Eco Logs originaldelar alltid anv\u00e4nds och att arbetet utf\u00f6rs av n\u00e5gon av v\u00e5ra auktoriserade servicel\u00e4mnare. Teckna serviceavtal redan [&hellip;]<\/p>\n","protected":false},"author":1,"featured_media":0,"parent":31,"menu_order":0,"comment_status":"closed","ping_status":"closed","template":"","meta":{"_acf_changed":false,"footnotes":""},"class_list":["post-59","page","type-page","status-publish","hentry"],"acf":[],"_links":{"self":[{"href":"https:\/\/ecolog.dev03.extrude.se\/en\/wp-json\/wp\/v2\/pages\/59","targetHints":{"allow":["GET"]}}],"collection":[{"href":"https:\/\/ecolog.dev03.extrude.se\/en\/wp-json\/wp\/v2\/pages"}],"about":[{"href":"https:\/\/ecolog.dev03.extrude.se\/en\/wp-json\/wp\/v2\/types\/page"}],"author":[{"embeddable":true,"href":"https:\/\/ecolog.dev03.extrude.se\/en\/wp-json\/wp\/v2\/users\/1"}],"replies":[{"embeddable":true,"href":"https:\/\/ecolog.dev03.extrude.se\/en\/wp-json\/wp\/v2\/comments?post=59"}],"version-history":[{"count":122,"href":"https:\/\/ecolog.dev03.extrude.se\/en\/wp-json\/wp\/v2\/pages\/59\/revisions"}],"predecessor-version":[{"id":5209,"href":"https:\/\/ecolog.dev03.extrude.se\/en\/wp-json\/wp\/v2\/pages\/59\/revisions\/5209"}],"up":[{"embeddable":true,"href":"https:\/\/ecolog.dev03.extrude.se\/en\/wp-json\/wp\/v2\/pages\/31"}],"wp:attachment":[{"href":"https:\/\/ecolog.dev03.extrude.se\/en\/wp-json\/wp\/v2\/media?parent=59"}],"curies":[{"name":"wp","href":"https:\/\/api.w.org\/{rel}","templated":true}]}}