{"id":10,"date":"2023-08-23T13:45:38","date_gmt":"2023-08-23T11:45:38","guid":{"rendered":"http:\/\/ecolog.dev03.extrude.se\/?page_id=10"},"modified":"2025-09-04T13:08:41","modified_gmt":"2025-09-04T11:08:41","slug":"start","status":"publish","type":"page","link":"https:\/\/ecolog.dev03.extrude.se\/sv\/","title":{"rendered":"Hem"},"content":{"rendered":"\t\t<div data-elementor-type=\"wp-page\" data-elementor-id=\"10\" class=\"elementor elementor-10\" data-elementor-post-type=\"page\">\n\t\t\t\t\t\t<main class=\"elementor-section elementor-top-section elementor-element elementor-element-3694468 container elementor-section-boxed elementor-section-height-default elementor-section-height-default\" data-id=\"3694468\" data-element_type=\"section\">\n\t\t\t\t\t\t<div class=\"elementor-container elementor-column-gap-default\">\n\t\t\t\t\t<section class=\"elementor-column elementor-col-100 elementor-top-column elementor-element elementor-element-7e4525b\" data-id=\"7e4525b\" data-element_type=\"column\" data-settings=\"{&quot;background_background&quot;:&quot;classic&quot;}\">\n\t\t\t<div class=\"elementor-widget-wrap elementor-element-populated\">\n\t\t\t\t\t\t<div class=\"elementor-element elementor-element-8401e11 elementor-widget elementor-widget-heading\" data-id=\"8401e11\" data-element_type=\"widget\" data-widget_type=\"heading.default\">\n\t\t\t\t<div class=\"elementor-widget-container\">\n\t\t\t\t\t<h1 class=\"elementor-heading-title elementor-size-default\">Forestry of Tomorrow<\/h1>\t\t\t\t<\/div>\n\t\t\t\t<\/div>\n\t\t\t\t\t<\/div>\n\t\t<\/section>\n\t\t\t\t\t<\/div>\n\t\t<\/main>\n\t\t\t\t<section class=\"elementor-section elementor-top-section elementor-element elementor-element-2d2d5b6 elementor-section-boxed elementor-section-height-default elementor-section-height-default\" data-id=\"2d2d5b6\" data-element_type=\"section\">\n\t\t\t\t\t\t<div class=\"elementor-container elementor-column-gap-default\">\n\t\t\t\t\t<div class=\"elementor-column elementor-col-100 elementor-top-column elementor-element elementor-element-38ae447\" data-id=\"38ae447\" data-element_type=\"column\">\n\t\t\t<div class=\"elementor-widget-wrap elementor-element-populated\">\n\t\t\t\t\t\t<section class=\"elementor-section elementor-inner-section elementor-element elementor-element-02879f2 elementor-section-full_width start block-container elementor-section-height-default elementor-section-height-default\" data-id=\"02879f2\" data-element_type=\"section\">\n\t\t\t\t\t\t<div class=\"elementor-container elementor-column-gap-default\">\n\t\t\t\t\t<div class=\"elementor-column elementor-col-33 elementor-inner-column elementor-element elementor-element-f4fc80b start hover-block-col\" data-id=\"f4fc80b\" data-element_type=\"column\">\n\t\t\t<div class=\"elementor-widget-wrap elementor-element-populated\">\n\t\t\t\t\t\t<div class=\"elementor-element elementor-element-3443fbd start hover-block elementor-position-top elementor-widget elementor-widget-image-box\" data-id=\"3443fbd\" data-element_type=\"widget\" data-widget_type=\"image-box.default\">\n\t\t\t\t<div class=\"elementor-widget-container\">\n\t\t\t\t\t<div class=\"elementor-image-box-wrapper\"><figure class=\"elementor-image-box-img\"><a href=\"https:\/\/ecolog.dev03.extrude.se\/produkter\/\" tabindex=\"-1\"><img fetchpriority=\"high\" decoding=\"async\" width=\"390\" height=\"390\" src=\"https:\/\/ecolog.dev03.extrude.se\/wp-content\/uploads\/2023\/08\/skordare_hemsida2.jpg\" class=\"attachment-large size-large wp-image-218\" alt=\"\" srcset=\"https:\/\/ecolog.dev03.extrude.se\/wp-content\/uploads\/2023\/08\/skordare_hemsida2.jpg 390w, https:\/\/ecolog.dev03.extrude.se\/wp-content\/uploads\/2023\/08\/skordare_hemsida2-300x300.jpg 300w, https:\/\/ecolog.dev03.extrude.se\/wp-content\/uploads\/2023\/08\/skordare_hemsida2-150x150.jpg 150w\" sizes=\"(max-width: 390px) 100vw, 390px\" \/><\/a><\/figure><div class=\"elementor-image-box-content\"><p class=\"elementor-image-box-description\">Sk\u00f6rdare &amp; Skotare<\/p><\/div><\/div>\t\t\t\t<\/div>\n\t\t\t\t<\/div>\n\t\t\t\t\t<\/div>\n\t\t<\/div>\n\t\t\t\t<div class=\"elementor-column elementor-col-33 elementor-inner-column elementor-element elementor-element-3d368b6 start hover-block-col middle\" data-id=\"3d368b6\" data-element_type=\"column\">\n\t\t\t<div class=\"elementor-widget-wrap elementor-element-populated\">\n\t\t\t\t\t\t<div class=\"elementor-element elementor-element-285b61c start hover-block middle elementor-position-top elementor-widget elementor-widget-image-box\" data-id=\"285b61c\" data-element_type=\"widget\" data-widget_type=\"image-box.default\">\n\t\t\t\t<div class=\"elementor-widget-container\">\n\t\t\t\t\t<div class=\"elementor-image-box-wrapper\"><figure class=\"elementor-image-box-img\"><a href=\"https:\/\/ecolog.dev03.extrude.se\/sv\/om-ecolog\/\" tabindex=\"-1\"><img decoding=\"async\" width=\"671\" height=\"671\" src=\"https:\/\/ecolog.dev03.extrude.se\/wp-content\/uploads\/2023\/12\/arbetsledare_kvadrat.jpg\" class=\"attachment-large size-large wp-image-5596\" alt=\"\" srcset=\"https:\/\/ecolog.dev03.extrude.se\/wp-content\/uploads\/2023\/12\/arbetsledare_kvadrat.jpg 671w, https:\/\/ecolog.dev03.extrude.se\/wp-content\/uploads\/2023\/12\/arbetsledare_kvadrat-300x300.jpg 300w, https:\/\/ecolog.dev03.extrude.se\/wp-content\/uploads\/2023\/12\/arbetsledare_kvadrat-150x150.jpg 150w\" sizes=\"(max-width: 671px) 100vw, 671px\" \/><\/a><\/figure><div class=\"elementor-image-box-content\"><p class=\"elementor-image-box-description\">K\u00e4rnan i v\u00e5r verksamhet<\/p><\/div><\/div>\t\t\t\t<\/div>\n\t\t\t\t<\/div>\n\t\t\t\t\t<\/div>\n\t\t<\/div>\n\t\t\t\t<div class=\"elementor-column elementor-col-33 elementor-inner-column elementor-element elementor-element-127257b start hover-block-col\" data-id=\"127257b\" data-element_type=\"column\">\n\t\t\t<div class=\"elementor-widget-wrap elementor-element-populated\">\n\t\t\t\t\t\t<div class=\"elementor-element elementor-element-b42ddcf start hover-block elementor-position-top elementor-widget elementor-widget-image-box\" data-id=\"b42ddcf\" data-element_type=\"widget\" data-widget_type=\"image-box.default\">\n\t\t\t\t<div class=\"elementor-widget-container\">\n\t\t\t\t\t<div class=\"elementor-image-box-wrapper\"><figure class=\"elementor-image-box-img\"><a href=\"https:\/\/xn--skogsentreprenr-mtb.se\/\" tabindex=\"-1\"><img decoding=\"async\" width=\"390\" height=\"390\" src=\"https:\/\/ecolog.dev03.extrude.se\/wp-content\/uploads\/2023\/08\/skogsentreprenor2.jpg\" class=\"attachment-large size-large wp-image-217\" alt=\"\" srcset=\"https:\/\/ecolog.dev03.extrude.se\/wp-content\/uploads\/2023\/08\/skogsentreprenor2.jpg 390w, https:\/\/ecolog.dev03.extrude.se\/wp-content\/uploads\/2023\/08\/skogsentreprenor2-300x300.jpg 300w, https:\/\/ecolog.dev03.extrude.se\/wp-content\/uploads\/2023\/08\/skogsentreprenor2-150x150.jpg 150w\" sizes=\"(max-width: 390px) 100vw, 390px\" \/><\/a><\/figure><div class=\"elementor-image-box-content\"><p class=\"elementor-image-box-description\">F\u00f6r skogsentrepren\u00f6rer<\/p><\/div><\/div>\t\t\t\t<\/div>\n\t\t\t\t<\/div>\n\t\t\t\t\t<\/div>\n\t\t<\/div>\n\t\t\t\t\t<\/div>\n\t\t<\/section>\n\t\t\t\t\t<\/div>\n\t\t<\/div>\n\t\t\t\t\t<\/div>\n\t\t<\/section>\n\t\t\t\t<section class=\"elementor-section elementor-top-section elementor-element elementor-element-163945c elementor-section-boxed elementor-section-height-default elementor-section-height-default\" data-id=\"163945c\" data-element_type=\"section\">\n\t\t\t\t\t\t<div class=\"elementor-container elementor-column-gap-default\">\n\t\t\t\t\t<div class=\"elementor-column elementor-col-100 elementor-top-column elementor-element elementor-element-85dffad\" data-id=\"85dffad\" data-element_type=\"column\">\n\t\t\t<div class=\"elementor-widget-wrap elementor-element-populated\">\n\t\t\t\t\t\t<div class=\"elementor-element elementor-element-5fb220a elementor--h-position-center elementor--v-position-middle elementor-arrows-position-inside elementor-pagination-position-inside elementor-widget elementor-widget-slides\" data-id=\"5fb220a\" data-element_type=\"widget\" data-settings=\"{&quot;navigation&quot;:&quot;both&quot;,&quot;autoplay&quot;:&quot;yes&quot;,&quot;pause_on_hover&quot;:&quot;yes&quot;,&quot;pause_on_interaction&quot;:&quot;yes&quot;,&quot;autoplay_speed&quot;:5000,&quot;infinite&quot;:&quot;yes&quot;,&quot;transition&quot;:&quot;slide&quot;,&quot;transition_speed&quot;:500}\" data-widget_type=\"slides.default\">\n\t\t\t\t<div class=\"elementor-widget-container\">\n\t\t\t\t\t\t\t\t\t<div class=\"elementor-swiper\">\n\t\t\t\t\t<div class=\"elementor-slides-wrapper elementor-main-swiper swiper\" role=\"region\" aria-roledescription=\"carousel\" aria-label=\"Bildspel\" dir=\"ltr\" data-animation=\"fadeInUp\">\n\t\t\t\t<div class=\"swiper-wrapper elementor-slides\">\n\t\t\t\t\t\t\t\t\t\t<div class=\"elementor-repeater-item-4c46a6e swiper-slide\" role=\"group\" aria-roledescription=\"slide\"><div class=\"swiper-slide-bg\" role=\"img\" aria-label=\"FINAL-3_low res\"><\/div><div class=\"swiper-slide-inner\" ><div class=\"swiper-slide-contents\"><div class=\"elementor-slide-heading\">G-seriens sk\u00f6rdare \u00e4r h\u00e4r<\/div><div class=\"elementor-slide-description\">V\u00e4lkommen in i Eco Logs nya sk\u00f6rdarhytt<\/div><div  class=\"elementor-button elementor-slide-button elementor-size-sm\">Klicka h\u00e4r<\/div><\/div><\/div><\/div><div class=\"elementor-repeater-item-784f1cd swiper-slide\" role=\"group\" aria-roledescription=\"slide\"><div class=\"swiper-slide-bg\" role=\"img\" aria-label=\"DSC09967_red_low res\"><\/div><div class=\"swiper-slide-inner\" ><div class=\"swiper-slide-contents\"><div class=\"elementor-slide-heading\">Jubileumstour 2024<\/div><div class=\"elementor-slide-description\">Nu drar vi ut p\u00e5 turn\u00e9<\/div><div  class=\"elementor-button elementor-slide-button elementor-size-sm\">Klicka h\u00e4r<\/div><\/div><\/div><\/div>\t\t\t\t<\/div>\n\t\t\t\t\t\t\t\t\t\t\t\t\t\t\t<div class=\"elementor-swiper-button elementor-swiper-button-prev\" role=\"button\" tabindex=\"0\" aria-label=\"F\u00f6reg\u00e5ende bild\">\n\t\t\t\t\t\t\t<i aria-hidden=\"true\" class=\"eicon-chevron-left\"><\/i>\t\t\t\t\t\t<\/div>\n\t\t\t\t\t\t<div class=\"elementor-swiper-button elementor-swiper-button-next\" role=\"button\" tabindex=\"0\" aria-label=\"N\u00e4sta bild\">\n\t\t\t\t\t\t\t<i aria-hidden=\"true\" class=\"eicon-chevron-right\"><\/i>\t\t\t\t\t\t<\/div>\n\t\t\t\t\t\t\t\t\t\t\t\t\t\t\t\t<div class=\"swiper-pagination\"><\/div>\n\t\t\t\t\t\t\t\t\t\t\t\t<\/div>\n\t\t\t\t<\/div>\n\t\t\t\t\t\t\t\t<\/div>\n\t\t\t\t<\/div>\n\t\t\t\t\t<\/div>\n\t\t<\/div>\n\t\t\t\t\t<\/div>\n\t\t<\/section>\n\t\t\t\t<section class=\"elementor-section elementor-top-section elementor-element elementor-element-f50cb94 elementor-section-boxed elementor-section-height-default elementor-section-height-default\" data-id=\"f50cb94\" data-element_type=\"section\">\n\t\t\t\t\t\t<div class=\"elementor-container elementor-column-gap-default\">\n\t\t\t\t\t<div class=\"elementor-column elementor-col-100 elementor-top-column elementor-element elementor-element-3f6f892\" data-id=\"3f6f892\" data-element_type=\"column\">\n\t\t\t<div class=\"elementor-widget-wrap elementor-element-populated\">\n\t\t\t\t\t\t<div class=\"elementor-element elementor-element-39c8613 elementor-widget elementor-widget-text-editor\" data-id=\"39c8613\" data-element_type=\"widget\" data-widget_type=\"text-editor.default\">\n\t\t\t\t<div class=\"elementor-widget-container\">\n\t\t\t\t\t\t\t\t\t<p>Med maskiner fr\u00e5n Eco Log f\u00e5r du som f\u00f6rare full kontroll \u00f6ver arbetet oavsett terr\u00e4ng. Genom \u00f6verl\u00e4gsen markfrig\u00e5ng, drifts\u00e4kerhet, servicev\u00e4nlighet och en stark sk\u00f6rdarkran banar du och din Eco&nbsp;Log v\u00e4g f\u00f6r h\u00f6g produktivitet och ett kostnadseffektivt \u00e4gande.<\/p>\t\t\t\t\t\t\t\t<\/div>\n\t\t\t\t<\/div>\n\t\t\t\t<div class=\"elementor-element elementor-element-01cf9a8 elementor-widget elementor-widget-image\" data-id=\"01cf9a8\" data-element_type=\"widget\" data-widget_type=\"image.default\">\n\t\t\t\t<div class=\"elementor-widget-container\">\n\t\t\t\t\t\t\t\t\t\t\t\t\t\t\t<img loading=\"lazy\" decoding=\"async\" width=\"38\" height=\"23\" src=\"https:\/\/ecolog.dev03.extrude.se\/wp-content\/uploads\/2023\/08\/ecolog-logo-small.png\" class=\"attachment-large size-large wp-image-111\" alt=\"\" \/>\t\t\t\t\t\t\t\t\t\t\t\t\t\t\t<\/div>\n\t\t\t\t<\/div>\n\t\t\t\t\t<\/div>\n\t\t<\/div>\n\t\t\t\t\t<\/div>\n\t\t<\/section>\n\t\t\t\t<section class=\"elementor-section elementor-top-section elementor-element elementor-element-c3a3ce0 elementor-section-boxed elementor-section-height-default elementor-section-height-default\" data-id=\"c3a3ce0\" data-element_type=\"section\">\n\t\t\t\t\t\t<div class=\"elementor-container elementor-column-gap-default\">\n\t\t\t\t\t<div class=\"elementor-column elementor-col-100 elementor-top-column elementor-element elementor-element-c454ff9\" data-id=\"c454ff9\" data-element_type=\"column\" data-settings=\"{&quot;background_background&quot;:&quot;classic&quot;}\">\n\t\t\t<div class=\"elementor-widget-wrap elementor-element-populated\">\n\t\t\t\t\t\t<div class=\"elementor-element elementor-element-99f5925 elementor-widget elementor-widget-shortcode\" data-id=\"99f5925\" data-element_type=\"widget\" data-widget_type=\"shortcode.default\">\n\t\t\t\t<div class=\"elementor-widget-container\">\n\t\t\t\t\t\t\t<div class=\"elementor-shortcode\"><div class=\"newsstart\"><div class=\"tab-content\"><div role=\"tabpanel\" class=\"tab-pane active\" id=\"0\"><div class=\"hidden-xs left-content\" style=\"background:url(https:\/\/ecolog.dev03.extrude.se\/wp-content\/uploads\/2023\/10\/hostkampanj_nyhet.jpg) no-repeat;\"><div class=\"news-item-text\"><h3>Nyhet<\/h3><h2>H\u00f6stkampanj 2023<\/h2><\/div><\/div><\/div><div role=\"tabpanel\" class=\"tab-pane\" id=\"1\"><div class=\"hidden-xs left-content\" style=\"background:url(https:\/\/ecolog.dev03.extrude.se\/wp-content\/uploads\/2023\/10\/kundtidning_nr22023_nyhet.jpg) no-repeat;\"><div class=\"news-item-text\"><h3>Nyhet<\/h3><h2>Nytt kundmagasin &#8211; nr 2, 2023<\/h2><\/div><\/div><\/div><div role=\"tabpanel\" class=\"tab-pane\" id=\"2\"><div class=\"hidden-xs left-content\" style=\"background:url(https:\/\/ecolog.dev03.extrude.se\/wp-content\/uploads\/2023\/08\/590g_nyhet.jpg) no-repeat;\"><div class=\"news-item-text\"><h3>Nyhet<\/h3><h2>V\u00e4lkommen in i Eco Logs nya sk\u00f6rdarhytt<\/h2><\/div><\/div><\/div><\/div><div class=\"tab-right-content\"><ul class=\"nav nav-pills nav-stacked\" id=\"tabsnews\"><li class=\"tabs-title tab-li active\" id=\"10\"><a href=\"https:\/\/ecolog.dev03.extrude.se\/sv\/hostkampanj-2023\/\" target=\"_self\" data-id=\"0\" data-hover=\"tab\" data-target=\"#0\"><span class=\"arrowleft hidden-xs\" style=\"display: block;\"><\/span><div class=\"newscircle\"><span class=\"date-day\">26<\/span><span class=\"date-mon\">okt<\/span><\/div><div class=\"newstext\"><h3>Nyhet<\/h3><h2>H\u00f6stkampanj 2023<\/h2><\/div><\/a><\/li><li class=\"tabs-title tab-li\" id=\"11\"><a href=\"https:\/\/ecolog.dev03.extrude.se\/sv\/nytt-kundmagasin-nr-2-2023\/\" target=\"_self\" data-id=\"1\" data-hover=\"tab\" data-target=\"#1\"><span class=\"arrowleft hidden-xs\" style=\"display: block;\"><\/span><div class=\"newscircle\"><span class=\"date-day\">02<\/span><span class=\"date-mon\">okt<\/span><\/div><div class=\"newstext\"><h3>Nyhet<\/h3><h2>Nytt kundmagasin &#8211; nr 2, 2023<\/h2><\/div><\/a><\/li><li class=\"tabs-title tab-li\" id=\"12\"><a href=\"https:\/\/ecolog.dev03.extrude.se\/sv\/valkommen-in-i-eco-logs-nya-skordarhytt\/\" target=\"_self\" data-id=\"2\" data-hover=\"tab\" data-target=\"#2\"><span class=\"arrowleft hidden-xs\" style=\"display: block;\"><\/span><div class=\"newscircle\"><span class=\"date-day\">01<\/span><span class=\"date-mon\">jun<\/span><\/div><div class=\"newstext\"><h3>Nyhet<\/h3><h2>V\u00e4lkommen in i Eco Logs nya sk\u00f6rdarhytt<\/h2><\/div><\/a><\/li><\/ul><\/div><\/div><\/div>\n\t\t\t\t\t\t<\/div>\n\t\t\t\t<\/div>\n\t\t\t\t<div class=\"elementor-element elementor-element-bc316fb elementor-widget elementor-widget-heading\" data-id=\"bc316fb\" data-element_type=\"widget\" data-widget_type=\"heading.default\">\n\t\t\t\t<div class=\"elementor-widget-container\">\n\t\t\t\t\t<h2 class=\"elementor-heading-title elementor-size-default\"><a href=\"https:\/\/ecolog.dev03.extrude.se\/sv\/aktuellt\/nyheter\/\">L\u00e4s alla nyheter\n<\/a><\/h2>\t\t\t\t<\/div>\n\t\t\t\t<\/div>\n\t\t\t\t\t<\/div>\n\t\t<\/div>\n\t\t\t\t\t<\/div>\n\t\t<\/section>\n\t\t\t\t<section class=\"elementor-section elementor-top-section elementor-element elementor-element-9d97458 elementor-section-boxed elementor-section-height-default elementor-section-height-default\" data-id=\"9d97458\" data-element_type=\"section\">\n\t\t\t\t\t\t<div class=\"elementor-container elementor-column-gap-default\">\n\t\t\t\t\t<div class=\"elementor-column elementor-col-100 elementor-top-column elementor-element elementor-element-3d74ddd\" data-id=\"3d74ddd\" data-element_type=\"column\">\n\t\t\t<div class=\"elementor-widget-wrap elementor-element-populated\">\n\t\t\t\t\t\t<div class=\"elementor-element elementor-element-a2ff3d7 elementor-widget elementor-widget-text-editor\" data-id=\"a2ff3d7\" data-element_type=\"widget\" data-widget_type=\"text-editor.default\">\n\t\t\t\t<div class=\"elementor-widget-container\">\n\t\t\t\t\t\t\t\t\t<p>En komplett leverant\u00f6r<\/p>\t\t\t\t\t\t\t\t<\/div>\n\t\t\t\t<\/div>\n\t\t\t\t<div class=\"elementor-element elementor-element-cdd4d81 elementor-widget elementor-widget-heading\" data-id=\"cdd4d81\" data-element_type=\"widget\" data-widget_type=\"heading.default\">\n\t\t\t\t<div class=\"elementor-widget-container\">\n\t\t\t\t\t<h2 class=\"elementor-heading-title elementor-size-default\">Erfarenhet och tj\u00e4nster som g\u00f6r skillnad<\/h2>\t\t\t\t<\/div>\n\t\t\t\t<\/div>\n\t\t\t\t<div class=\"elementor-element elementor-element-b42a596 elementor-widget elementor-widget-image\" data-id=\"b42a596\" data-element_type=\"widget\" data-widget_type=\"image.default\">\n\t\t\t\t<div class=\"elementor-widget-container\">\n\t\t\t\t\t\t\t\t\t\t\t\t\t\t\t<img loading=\"lazy\" decoding=\"async\" width=\"38\" height=\"23\" src=\"https:\/\/ecolog.dev03.extrude.se\/wp-content\/uploads\/2023\/08\/ecolog-logo-small.png\" class=\"attachment-large size-large wp-image-111\" alt=\"\" \/>\t\t\t\t\t\t\t\t\t\t\t\t\t\t\t<\/div>\n\t\t\t\t<\/div>\n\t\t\t\t\t<\/div>\n\t\t<\/div>\n\t\t\t\t\t<\/div>\n\t\t<\/section>\n\t\t\t\t<section class=\"elementor-section elementor-top-section elementor-element elementor-element-e190c37 elementor-section-boxed elementor-section-height-default elementor-section-height-default\" data-id=\"e190c37\" data-element_type=\"section\">\n\t\t\t\t\t\t<div class=\"elementor-container elementor-column-gap-default\">\n\t\t\t\t\t<div class=\"elementor-column elementor-col-100 elementor-top-column elementor-element elementor-element-273edb4\" data-id=\"273edb4\" data-element_type=\"column\">\n\t\t\t<div class=\"elementor-widget-wrap elementor-element-populated\">\n\t\t\t\t\t\t<section class=\"elementor-section elementor-inner-section elementor-element elementor-element-854d3b7 elementor-section-full_width start-b block-container elementor-section-height-default elementor-section-height-default\" data-id=\"854d3b7\" data-element_type=\"section\">\n\t\t\t\t\t\t<div class=\"elementor-container elementor-column-gap-default\">\n\t\t\t\t\t<div class=\"elementor-column elementor-col-33 elementor-inner-column elementor-element elementor-element-1b4fcda start even hover-block-col\" data-id=\"1b4fcda\" data-element_type=\"column\">\n\t\t\t<div class=\"elementor-widget-wrap elementor-element-populated\">\n\t\t\t\t\t\t<div class=\"elementor-element elementor-element-3877954 start 3-col hover-block elementor-position-top elementor-widget elementor-widget-image-box\" data-id=\"3877954\" data-element_type=\"widget\" data-widget_type=\"image-box.default\">\n\t\t\t\t<div class=\"elementor-widget-container\">\n\t\t\t\t\t<div class=\"elementor-image-box-wrapper\"><figure class=\"elementor-image-box-img\"><a href=\"https:\/\/ecolog.dev03.extrude.se\/om-ecolog\/\" tabindex=\"-1\"><img loading=\"lazy\" decoding=\"async\" width=\"390\" height=\"390\" src=\"https:\/\/ecolog.dev03.extrude.se\/wp-content\/uploads\/2023\/10\/omecolog-start.png\" class=\"attachment-large size-large wp-image-2847\" alt=\"\" srcset=\"https:\/\/ecolog.dev03.extrude.se\/wp-content\/uploads\/2023\/10\/omecolog-start.png 390w, https:\/\/ecolog.dev03.extrude.se\/wp-content\/uploads\/2023\/10\/omecolog-start-300x300.png 300w, https:\/\/ecolog.dev03.extrude.se\/wp-content\/uploads\/2023\/10\/omecolog-start-150x150.png 150w\" sizes=\"(max-width: 390px) 100vw, 390px\" \/><\/a><\/figure><div class=\"elementor-image-box-content\"><h3 class=\"elementor-image-box-title\"><a href=\"https:\/\/ecolog.dev03.extrude.se\/om-ecolog\/\">Om Eco Log<\/a><\/h3><p class=\"elementor-image-box-description\">Kunskap och erfarenhet<\/p><\/div><\/div>\t\t\t\t<\/div>\n\t\t\t\t<\/div>\n\t\t\t\t\t<\/div>\n\t\t<\/div>\n\t\t\t\t<div class=\"elementor-column elementor-col-33 elementor-inner-column elementor-element elementor-element-26e14e0 start even hover-block-col middle\" data-id=\"26e14e0\" data-element_type=\"column\">\n\t\t\t<div class=\"elementor-widget-wrap elementor-element-populated\">\n\t\t\t\t\t\t<div class=\"elementor-element elementor-element-baca974 start hover-block elementor-position-top elementor-widget elementor-widget-image-box\" data-id=\"baca974\" data-element_type=\"widget\" data-widget_type=\"image-box.default\">\n\t\t\t\t<div class=\"elementor-widget-container\">\n\t\t\t\t\t<div class=\"elementor-image-box-wrapper\"><figure class=\"elementor-image-box-img\"><a href=\"https:\/\/ecolog.dev03.extrude.se\/eftermarknad\/profilmaterial\/\" tabindex=\"-1\"><img loading=\"lazy\" decoding=\"async\" width=\"390\" height=\"390\" src=\"https:\/\/ecolog.dev03.extrude.se\/wp-content\/uploads\/2023\/10\/box_hemsida.jpg\" class=\"attachment-large size-large wp-image-4998\" alt=\"\" srcset=\"https:\/\/ecolog.dev03.extrude.se\/wp-content\/uploads\/2023\/10\/box_hemsida.jpg 390w, https:\/\/ecolog.dev03.extrude.se\/wp-content\/uploads\/2023\/10\/box_hemsida-300x300.jpg 300w, https:\/\/ecolog.dev03.extrude.se\/wp-content\/uploads\/2023\/10\/box_hemsida-150x150.jpg 150w\" sizes=\"(max-width: 390px) 100vw, 390px\" \/><\/a><\/figure><div class=\"elementor-image-box-content\"><h3 class=\"elementor-image-box-title\"><a href=\"https:\/\/ecolog.dev03.extrude.se\/eftermarknad\/profilmaterial\/\">Kl\u00e4der och produkter<\/a><\/h3><p class=\"elementor-image-box-description\">Profilmaterial<\/p><\/div><\/div>\t\t\t\t<\/div>\n\t\t\t\t<\/div>\n\t\t\t\t\t<\/div>\n\t\t<\/div>\n\t\t\t\t<div class=\"elementor-column elementor-col-33 elementor-inner-column elementor-element elementor-element-4274dfb start even even hover-block-col\" data-id=\"4274dfb\" data-element_type=\"column\">\n\t\t\t<div class=\"elementor-widget-wrap elementor-element-populated\">\n\t\t\t\t\t\t<div class=\"elementor-element elementor-element-ea650a2 start hover-block elementor-position-top elementor-widget elementor-widget-image-box\" data-id=\"ea650a2\" data-element_type=\"widget\" data-widget_type=\"image-box.default\">\n\t\t\t\t<div class=\"elementor-widget-container\">\n\t\t\t\t\t<div class=\"elementor-image-box-wrapper\"><figure class=\"elementor-image-box-img\"><a href=\"https:\/\/ecolog.dev03.extrude.se\/tjanster\/serviceavtal\/\" tabindex=\"-1\"><img loading=\"lazy\" decoding=\"async\" width=\"740\" height=\"740\" src=\"https:\/\/ecolog.dev03.extrude.se\/wp-content\/uploads\/2023\/10\/serviceavtal_hemsida.jpg\" class=\"attachment-large size-large wp-image-5001\" alt=\"\" srcset=\"https:\/\/ecolog.dev03.extrude.se\/wp-content\/uploads\/2023\/10\/serviceavtal_hemsida.jpg 740w, https:\/\/ecolog.dev03.extrude.se\/wp-content\/uploads\/2023\/10\/serviceavtal_hemsida-300x300.jpg 300w, https:\/\/ecolog.dev03.extrude.se\/wp-content\/uploads\/2023\/10\/serviceavtal_hemsida-150x150.jpg 150w\" sizes=\"(max-width: 740px) 100vw, 740px\" \/><\/a><\/figure><div class=\"elementor-image-box-content\"><h3 class=\"elementor-image-box-title\"><a href=\"https:\/\/ecolog.dev03.extrude.se\/tjanster\/serviceavtal\/\">Tj\u00e4nster<\/a><\/h3><p class=\"elementor-image-box-description\">Serviceavtal<\/p><\/div><\/div>\t\t\t\t<\/div>\n\t\t\t\t<\/div>\n\t\t\t\t\t<\/div>\n\t\t<\/div>\n\t\t\t\t\t<\/div>\n\t\t<\/section>\n\t\t\t\t\t<\/div>\n\t\t<\/div>\n\t\t\t\t\t<\/div>\n\t\t<\/section>\n\t\t\t\t<\/div>\n\t\t","protected":false},"excerpt":{"rendered":"<p>Forestry of Tomorrow Sk\u00f6rdare &#038; Skotare K\u00e4rnan i v\u00e5r verksamhet F\u00f6r skogsentrepren\u00f6rer G-seriens sk\u00f6rdare \u00e4r h\u00e4rV\u00e4lkommen in i Eco Logs nya sk\u00f6rdarhyttKlicka h\u00e4rJubileumstour 2024Nu drar vi ut p\u00e5 turn\u00e9Klicka h\u00e4r Med maskiner fr\u00e5n Eco Log f\u00e5r du som f\u00f6rare full kontroll \u00f6ver arbetet oavsett terr\u00e4ng. Genom \u00f6verl\u00e4gsen markfrig\u00e5ng, drifts\u00e4kerhet, servicev\u00e4nlighet och en stark sk\u00f6rdarkran banar [&hellip;]<\/p>\n","protected":false},"author":1,"featured_media":0,"parent":0,"menu_order":0,"comment_status":"closed","ping_status":"closed","template":"","meta":{"_acf_changed":false,"footnotes":""},"class_list":["post-10","page","type-page","status-publish","hentry"],"acf":[],"_links":{"self":[{"href":"https:\/\/ecolog.dev03.extrude.se\/sv\/wp-json\/wp\/v2\/pages\/10","targetHints":{"allow":["GET"]}}],"collection":[{"href":"https:\/\/ecolog.dev03.extrude.se\/sv\/wp-json\/wp\/v2\/pages"}],"about":[{"href":"https:\/\/ecolog.dev03.extrude.se\/sv\/wp-json\/wp\/v2\/types\/page"}],"author":[{"embeddable":true,"href":"https:\/\/ecolog.dev03.extrude.se\/sv\/wp-json\/wp\/v2\/users\/1"}],"replies":[{"embeddable":true,"href":"https:\/\/ecolog.dev03.extrude.se\/sv\/wp-json\/wp\/v2\/comments?post=10"}],"version-history":[{"count":339,"href":"https:\/\/ecolog.dev03.extrude.se\/sv\/wp-json\/wp\/v2\/pages\/10\/revisions"}],"predecessor-version":[{"id":5673,"href":"https:\/\/ecolog.dev03.extrude.se\/sv\/wp-json\/wp\/v2\/pages\/10\/revisions\/5673"}],"wp:attachment":[{"href":"https:\/\/ecolog.dev03.extrude.se\/sv\/wp-json\/wp\/v2\/media?parent=10"}],"curies":[{"name":"wp","href":"https:\/\/api.w.org\/{rel}","templated":true}]}}