{"id":1560,"date":"2023-10-02T11:35:03","date_gmt":"2023-10-02T09:35:03","guid":{"rendered":"https:\/\/ecolog.dev03.extrude.se\/?page_id=1560"},"modified":"2023-12-05T13:34:27","modified_gmt":"2023-12-05T12:34:27","slug":"om-ecolog","status":"publish","type":"page","link":"https:\/\/ecolog.dev03.extrude.se\/sv\/om-ecolog\/","title":{"rendered":"Om Eco Log"},"content":{"rendered":"\t\t<div data-elementor-type=\"wp-page\" data-elementor-id=\"1560\" class=\"elementor elementor-1560\" data-elementor-post-type=\"page\">\n\t\t\t\t\t\t<section class=\"elementor-section elementor-top-section elementor-element elementor-element-72e4fcbe elementor-section-boxed elementor-section-height-default elementor-section-height-default\" data-id=\"72e4fcbe\" data-element_type=\"section\" data-settings=\"{&quot;background_background&quot;:&quot;classic&quot;}\">\n\t\t\t\t\t\t<div class=\"elementor-container elementor-column-gap-default\">\n\t\t\t\t\t<div class=\"elementor-column elementor-col-100 elementor-top-column elementor-element elementor-element-4050d47e page_top_image\" data-id=\"4050d47e\" data-element_type=\"column\" data-settings=\"{&quot;background_background&quot;:&quot;classic&quot;}\">\n\t\t\t<div class=\"elementor-widget-wrap elementor-element-populated\">\n\t\t\t\t\t\t<div class=\"elementor-element elementor-element-4fed4597 elementor-widget elementor-widget-heading\" data-id=\"4fed4597\" data-element_type=\"widget\" data-widget_type=\"heading.default\">\n\t\t\t\t<div class=\"elementor-widget-container\">\n\t\t\t\t\t<h2 class=\"elementor-heading-title elementor-size-default\">Detta \u00e4r Eco Log<\/h2>\t\t\t\t<\/div>\n\t\t\t\t<\/div>\n\t\t\t\t<div class=\"elementor-element elementor-element-2387516a elementor-widget elementor-widget-text-editor\" data-id=\"2387516a\" data-element_type=\"widget\" data-widget_type=\"text-editor.default\">\n\t\t\t\t<div class=\"elementor-widget-container\">\n\t\t\t\t\t\t\t\t\t<p>Nyckeln till ett framg\u00e5ngsrikt skogsbruk.<\/p>\t\t\t\t\t\t\t\t<\/div>\n\t\t\t\t<\/div>\n\t\t\t\t\t<\/div>\n\t\t<\/div>\n\t\t\t\t\t<\/div>\n\t\t<\/section>\n\t\t\t\t<section class=\"elementor-section elementor-top-section elementor-element elementor-element-3c12115b elementor-section-boxed elementor-section-height-default elementor-section-height-default\" data-id=\"3c12115b\" data-element_type=\"section\" data-settings=\"{&quot;background_background&quot;:&quot;classic&quot;}\">\n\t\t\t\t\t\t<div class=\"elementor-container elementor-column-gap-default\">\n\t\t\t\t\t<div class=\"elementor-column elementor-col-100 elementor-top-column elementor-element elementor-element-508c8807\" data-id=\"508c8807\" data-element_type=\"column\">\n\t\t\t<div class=\"elementor-widget-wrap elementor-element-populated\">\n\t\t\t\t\t\t<section class=\"elementor-section elementor-inner-section elementor-element elementor-element-577a8f24 elementor-section-boxed elementor-section-height-default elementor-section-height-default\" data-id=\"577a8f24\" data-element_type=\"section\">\n\t\t\t\t\t\t<div class=\"elementor-container elementor-column-gap-default\">\n\t\t\t\t\t<div class=\"elementor-column elementor-col-100 elementor-inner-column elementor-element elementor-element-906d439\" data-id=\"906d439\" data-element_type=\"column\">\n\t\t\t<div class=\"elementor-widget-wrap elementor-element-populated\">\n\t\t\t\t\t\t<div class=\"elementor-element elementor-element-6e22d492 elementor-widget elementor-widget-heading\" data-id=\"6e22d492\" data-element_type=\"widget\" data-widget_type=\"heading.default\">\n\t\t\t\t<div class=\"elementor-widget-container\">\n\t\t\t\t\t<h1 class=\"elementor-heading-title elementor-size-default\">Eco Log - when you\u00b4re in control<\/h1>\t\t\t\t<\/div>\n\t\t\t\t<\/div>\n\t\t\t\t<div class=\"elementor-element elementor-element-78c4f687 elementor-widget elementor-widget-text-editor\" data-id=\"78c4f687\" data-element_type=\"widget\" data-widget_type=\"text-editor.default\">\n\t\t\t\t<div class=\"elementor-widget-container\">\n\t\t\t\t\t\t\t\t\t<p>Eco Log tillverkar och s\u00e4ljer effektiva skogsmaskiner f\u00f6r det h\u00e5llbara skogsbruket. Tack vare maskiner som med hj\u00e4lp av sina pendelarmar anpassas efter underlaget f\u00e5r du som f\u00f6rare full kontroll \u00f6ver arbetet oavsett terr\u00e4ng.\u00a0 Genom \u00f6verl\u00e4gsen markfrig\u00e5ng, drifts\u00e4kerhet, servicev\u00e4nlighet och en stark sk\u00f6rdarkran banar du och din Eco Log v\u00e4g f\u00f6r h\u00f6g produktivitet och ett kostnadseffektivt \u00e4gande.<\/p><p>\u00a0P\u00e5 Eco Log \u00e4r vi idag ca 140 anst\u00e4llda som jobbar f\u00f6r att uppfylla och \u00f6vertr\u00e4ffa v\u00e5ra kunders f\u00f6rv\u00e4ntningar. V\u00e5ra konstrukt\u00f6rer, mont\u00f6rer, servicetekniker och s\u00e4ljare har kontinuerlig \u00a0kontakt f\u00f6r att st\u00e4ndigt f\u00f6rb\u00e4ttra och utveckla v\u00e5ra produkter. Detta inneb\u00e4r att du som kund alltid f\u00e5r produkter i absolut v\u00e4rldsklass.<\/p><p>V\u00e5r ambition \u00e4r dock inte att bara s\u00e4lja maskiner utan att bli en l\u00e5ngsiktig och uppskattad partner till dig som kund. Vi vill vara nyckeln till din framg\u00e5ng. F\u00f6r n\u00e4r du lyckas &#8211; vet vi att vi gjort ett bra jobb.<\/p>\t\t\t\t\t\t\t\t<\/div>\n\t\t\t\t<\/div>\n\t\t\t\t\t<\/div>\n\t\t<\/div>\n\t\t\t\t\t<\/div>\n\t\t<\/section>\n\t\t\t\t<section class=\"elementor-section elementor-inner-section elementor-element elementor-element-234b476 elementor-section-boxed elementor-section-height-default elementor-section-height-default\" data-id=\"234b476\" data-element_type=\"section\">\n\t\t\t\t\t\t<div class=\"elementor-container elementor-column-gap-default\">\n\t\t\t\t\t<div class=\"elementor-column elementor-col-100 elementor-inner-column elementor-element elementor-element-d847d7b\" data-id=\"d847d7b\" data-element_type=\"column\">\n\t\t\t<div class=\"elementor-widget-wrap elementor-element-populated\">\n\t\t\t\t\t\t<div class=\"elementor-element elementor-element-6573da8 elementor-widget elementor-widget-image\" data-id=\"6573da8\" data-element_type=\"widget\" data-widget_type=\"image.default\">\n\t\t\t\t<div class=\"elementor-widget-container\">\n\t\t\t\t\t\t\t\t\t\t\t\t\t\t\t<img decoding=\"async\" width=\"38\" height=\"23\" src=\"https:\/\/ecolog.dev03.extrude.se\/wp-content\/uploads\/2023\/08\/ecolog-logo-small.png\" class=\"attachment-large size-large wp-image-111\" alt=\"\" \/>\t\t\t\t\t\t\t\t\t\t\t\t\t\t\t<\/div>\n\t\t\t\t<\/div>\n\t\t\t\t<div class=\"elementor-element elementor-element-666dcd3 elementor-widget elementor-widget-heading\" data-id=\"666dcd3\" data-element_type=\"widget\" data-widget_type=\"heading.default\">\n\t\t\t\t<div class=\"elementor-widget-container\">\n\t\t\t\t\t<h2 class=\"elementor-heading-title elementor-size-default\">Milj\u00f6 &amp; H\u00e5llbarhet<\/h2>\t\t\t\t<\/div>\n\t\t\t\t<\/div>\n\t\t\t\t<div class=\"elementor-element elementor-element-20b2e53 elementor-widget elementor-widget-text-editor\" data-id=\"20b2e53\" data-element_type=\"widget\" data-widget_type=\"text-editor.default\">\n\t\t\t\t<div class=\"elementor-widget-container\">\n\t\t\t\t\t\t\t\t\t<p>Eco Log konstruerar, tillverkar och s\u00e4ljer maskiner f\u00f6r modernt skogsbruk. V\u00e5ra sk\u00f6rdare och skotare ger m\u00f6jligheter till ett h\u00e5llbart nyttjande av en av v\u00e5ra viktigaste f\u00f6rnyelsebara resurser \u2013 skogen. F\u00f6r oss \u00e4r skogen en hj\u00e4rtesak, den \u00e4r basen f\u00f6r v\u00e5r verksamhet och en st\u00e4ndig k\u00e4lla till inspiration f\u00f6r v\u00e5ra medarbetare. Vi vill att v\u00e5ra produkter och tj\u00e4nster ska skapa f\u00f6ruts\u00e4ttningar f\u00f6r ett ekologiskt h\u00e5llbart samh\u00e4lle och driva utvecklingen p\u00e5 milj\u00f6omr\u00e5det fram\u00e5t.<\/p>\t\t\t\t\t\t\t\t<\/div>\n\t\t\t\t<\/div>\n\t\t\t\t\t<\/div>\n\t\t<\/div>\n\t\t\t\t\t<\/div>\n\t\t<\/section>\n\t\t\t\t<section class=\"elementor-section elementor-inner-section elementor-element elementor-element-43d000a elementor-section-boxed elementor-section-height-default elementor-section-height-default\" data-id=\"43d000a\" data-element_type=\"section\">\n\t\t\t\t\t\t<div class=\"elementor-container elementor-column-gap-default\">\n\t\t\t\t\t<div class=\"elementor-column elementor-col-100 elementor-inner-column elementor-element elementor-element-dfa4d2f\" data-id=\"dfa4d2f\" data-element_type=\"column\">\n\t\t\t<div class=\"elementor-widget-wrap elementor-element-populated\">\n\t\t\t\t\t\t<div class=\"elementor-element elementor-element-1c162f0 elementor-widget elementor-widget-image\" data-id=\"1c162f0\" data-element_type=\"widget\" data-widget_type=\"image.default\">\n\t\t\t\t<div class=\"elementor-widget-container\">\n\t\t\t\t\t\t\t\t\t\t\t\t\t\t\t<img decoding=\"async\" width=\"38\" height=\"23\" src=\"https:\/\/ecolog.dev03.extrude.se\/wp-content\/uploads\/2023\/08\/ecolog-logo-small.png\" class=\"attachment-large size-large wp-image-111\" alt=\"\" \/>\t\t\t\t\t\t\t\t\t\t\t\t\t\t\t<\/div>\n\t\t\t\t<\/div>\n\t\t\t\t<div class=\"elementor-element elementor-element-c61cf60 elementor-widget elementor-widget-heading\" data-id=\"c61cf60\" data-element_type=\"widget\" data-widget_type=\"heading.default\">\n\t\t\t\t<div class=\"elementor-widget-container\">\n\t\t\t\t\t<h2 class=\"elementor-heading-title elementor-size-default\">V\u00e5r historia<\/h2>\t\t\t\t<\/div>\n\t\t\t\t<\/div>\n\t\t\t\t<div class=\"elementor-element elementor-element-f0da7c5 elementor-widget elementor-widget-text-editor\" data-id=\"f0da7c5\" data-element_type=\"widget\" data-widget_type=\"text-editor.default\">\n\t\t\t\t<div class=\"elementor-widget-container\">\n\t\t\t\t\t\t\t\t\t<p>Eco Log st\u00e5tar med en l\u00e5ng historia. Sj\u00e4lva namnet har funnits i ett drygt decennium, men fabriken \u00e4r betydligt \u00e4ldre \u00e4n s\u00e5. \u00c4nda sedan 1965 har S\u00f6derhamn varit tillverkningsort f\u00f6r skogsmaskiner, n\u00e4r d\u00e5varande Kockums startade sin produktion i lokalerna.<\/p><p>Ursprunget till dagens Eco Log-produkter \u00e4r Skogsjan och den s\u00e5 kallade \u201dSpindelmaskinen\u201d som lanserades 1986. Med sina hydrauldrivna hjulmotorer monterade p\u00e5 pendelarmar, revolutionerade Spindelmaskinen s\u00e4ttet att ta sig fram genom skogen.<\/p><p>Sedan dess har mycket h\u00e4nt. Under perioder med Caterpillar och Log Max som \u00e4gare tog f\u00f6retaget viktiga strategiska beslut och sedan en tid tillbaka st\u00e5r Eco Log med en ny stark \u00e4gare med ambitionen att f\u00e5 f\u00f6retaget att v\u00e4xa globalt.<\/p>\t\t\t\t\t\t\t\t<\/div>\n\t\t\t\t<\/div>\n\t\t\t\t\t<\/div>\n\t\t<\/div>\n\t\t\t\t\t<\/div>\n\t\t<\/section>\n\t\t\t\t\t<\/div>\n\t\t<\/div>\n\t\t\t\t\t<\/div>\n\t\t<\/section>\n\t\t\t\t<\/div>\n\t\t","protected":false},"excerpt":{"rendered":"<p>Detta \u00e4r Eco Log Nyckeln till ett framg\u00e5ngsrikt skogsbruk. Eco Log &#8211; when you\u00b4re in control Eco Log tillverkar och s\u00e4ljer effektiva skogsmaskiner f\u00f6r det h\u00e5llbara skogsbruket. Tack vare maskiner som med hj\u00e4lp av sina pendelarmar anpassas efter underlaget f\u00e5r du som f\u00f6rare full kontroll \u00f6ver arbetet oavsett terr\u00e4ng.\u00a0 Genom \u00f6verl\u00e4gsen markfrig\u00e5ng, drifts\u00e4kerhet, servicev\u00e4nlighet och [&hellip;]<\/p>\n","protected":false},"author":1,"featured_media":0,"parent":0,"menu_order":220,"comment_status":"closed","ping_status":"closed","template":"","meta":{"_acf_changed":false,"footnotes":""},"class_list":["post-1560","page","type-page","status-publish","hentry"],"acf":[],"_links":{"self":[{"href":"https:\/\/ecolog.dev03.extrude.se\/sv\/wp-json\/wp\/v2\/pages\/1560","targetHints":{"allow":["GET"]}}],"collection":[{"href":"https:\/\/ecolog.dev03.extrude.se\/sv\/wp-json\/wp\/v2\/pages"}],"about":[{"href":"https:\/\/ecolog.dev03.extrude.se\/sv\/wp-json\/wp\/v2\/types\/page"}],"author":[{"embeddable":true,"href":"https:\/\/ecolog.dev03.extrude.se\/sv\/wp-json\/wp\/v2\/users\/1"}],"replies":[{"embeddable":true,"href":"https:\/\/ecolog.dev03.extrude.se\/sv\/wp-json\/wp\/v2\/comments?post=1560"}],"version-history":[{"count":51,"href":"https:\/\/ecolog.dev03.extrude.se\/sv\/wp-json\/wp\/v2\/pages\/1560\/revisions"}],"predecessor-version":[{"id":5629,"href":"https:\/\/ecolog.dev03.extrude.se\/sv\/wp-json\/wp\/v2\/pages\/1560\/revisions\/5629"}],"wp:attachment":[{"href":"https:\/\/ecolog.dev03.extrude.se\/sv\/wp-json\/wp\/v2\/media?parent=1560"}],"curies":[{"name":"wp","href":"https:\/\/api.w.org\/{rel}","templated":true}]}}