{"id":3,"date":"2023-08-23T11:21:23","date_gmt":"2023-08-23T09:21:23","guid":{"rendered":"http:\/\/ecolog.dev03.extrude.se\/?page_id=3"},"modified":"2023-10-26T12:33:11","modified_gmt":"2023-10-26T10:33:11","slug":"integritetspolicy","status":"publish","type":"page","link":"https:\/\/ecolog.dev03.extrude.se\/sv\/integritetspolicy\/","title":{"rendered":"Integritetspolicy"},"content":{"rendered":"\t\t<div data-elementor-type=\"wp-page\" data-elementor-id=\"3\" class=\"elementor elementor-3\" data-elementor-post-type=\"page\">\n\t\t\t\t\t\t<main class=\"elementor-section elementor-top-section elementor-element elementor-element-73cd122e container elementor-section-boxed elementor-section-height-default elementor-section-height-default\" data-id=\"73cd122e\" data-element_type=\"section\">\n\t\t\t\t\t\t<div class=\"elementor-container elementor-column-gap-default\">\n\t\t\t\t\t<section class=\"elementor-column elementor-col-100 elementor-top-column elementor-element elementor-element-466f103c row benefitpage\" data-id=\"466f103c\" data-element_type=\"column\" data-settings=\"{&quot;background_background&quot;:&quot;classic&quot;}\">\n\t\t\t<div class=\"elementor-widget-wrap elementor-element-populated\">\n\t\t\t\t\t\t<div class=\"elementor-element elementor-element-6a9f5cf1 elementor-widget elementor-widget-heading\" data-id=\"6a9f5cf1\" data-element_type=\"widget\" data-widget_type=\"heading.default\">\n\t\t\t\t<div class=\"elementor-widget-container\">\n\t\t\t\t\t<p class=\"elementor-heading-title elementor-size-default\">ECO LOG<\/p>\t\t\t\t<\/div>\n\t\t\t\t<\/div>\n\t\t\t\t<div class=\"elementor-element elementor-element-4aff71a1 elementor-widget elementor-widget-heading\" data-id=\"4aff71a1\" data-element_type=\"widget\" data-widget_type=\"heading.default\">\n\t\t\t\t<div class=\"elementor-widget-container\">\n\t\t\t\t\t<h2 class=\"elementor-heading-title elementor-size-default\">Integritetspolicy<\/h2>\t\t\t\t<\/div>\n\t\t\t\t<\/div>\n\t\t\t\t<div class=\"elementor-element elementor-element-419c1364 elementor-widget elementor-widget-image\" data-id=\"419c1364\" data-element_type=\"widget\" data-widget_type=\"image.default\">\n\t\t\t\t<div class=\"elementor-widget-container\">\n\t\t\t\t\t\t\t\t\t\t\t\t\t\t\t<img decoding=\"async\" width=\"38\" height=\"23\" src=\"https:\/\/ecolog.dev03.extrude.se\/wp-content\/uploads\/2023\/08\/ecolog-logo-small.png\" class=\"attachment-large size-large wp-image-111\" alt=\"\" \/>\t\t\t\t\t\t\t\t\t\t\t\t\t\t\t<\/div>\n\t\t\t\t<\/div>\n\t\t\t\t<div class=\"elementor-element elementor-element-62800b76 elementor-widget elementor-widget-text-editor\" data-id=\"62800b76\" data-element_type=\"widget\" data-widget_type=\"text-editor.default\">\n\t\t\t\t<div class=\"elementor-widget-container\">\n\t\t\t\t\t\t\t\t\t<p><strong>S\u00e5 hanterar vi dina person\u00aduppgifter<\/strong><\/p><p>Fr\u00e5n och med 25 maj 2018 g\u00e4ller dataskyddsf\u00f6rordningen i alla EU-l\u00e4nder. H\u00e4r i Sverige ers\u00e4tter den personuppgiftslagen, PUL. I praktiken st\u00e4rks skyddet av dina personuppgifter och din r\u00e4tt att veta vad de anv\u00e4nds till och hur de behandlas av oss p\u00e5 Eco Log Sweden AB.<\/p><p>Eco Log Sweden AB kan beh\u00f6va samla in, ta emot eller p\u00e5 annat s\u00e4tt behandla dina personuppgifter. En personuppgift \u00e4r all slags information som direkt eller indirekt kan h\u00e4nf\u00f6ras till en fysisk person som \u00e4r i livet. All typ av hantering av personuppgifter, exempelvis lagring, gallring, spridning och kopiering, \u00e4r en behandling av personuppgifter.<\/p><p>Om du har ett \u00e4rende, \u00e4r kund eller leverant\u00f6r hos Eco Log Sweden AB, s\u00e5 kommer vi behandla dina personuppgifter. Samma sak g\u00e4ller till exempel om du g\u00e5r p\u00e5 t.ex. en m\u00e4ssa vi anordnar eller om du st\u00e4ller upp p\u00e5 film eller foto till v\u00e5ra sociala kanaler, webbplatser med mera.<\/p><p><strong>Behandling av personuppgifter ska ha laglig grund<\/strong><\/p><p>Alla behandlingar av personuppgifter m\u00e5ste ha laglig grund.\u00a0 Eco Log Sweden AB \u00e4r verksam inom ett stort antal omr\u00e5den,\u00a0varf\u00f6r det\u00a0inte \u00e4r m\u00f6jligt att beskriva den lagliga grunden f\u00f6r varje enskild behandling h\u00e4r p\u00e5 webbplatsen. Om du vill veta mer om vilka uppgifter vi behandlar om dig \u00e4r du v\u00e4lkommen att h\u00f6r av dig till Eco Log Sweden AB.<\/p><p><strong>Eco Log Sweden ABs GDPR organisation<\/strong><\/p><p>Eco Log Sweden AB har en GDPR organisation internt. GDPR organisationens roll \u00e4r att \u00f6vervaka efterlevnaden av dataskyddsf\u00f6rordningen, l\u00e4mna r\u00e5d och st\u00f6d, hj\u00e4lpa dig som registrerad samt vara kontaktyta mot Datainspektionen.<\/p><p>Om du har fr\u00e5gor om eller synpunkter p\u00e5 hur Eco Log Sweden AB behandlar dina personuppgifter \u00e4r du v\u00e4lkommen att kontakta v\u00e5r GDPR ansvarige.<\/p>\t\t\t\t\t\t\t\t<\/div>\n\t\t\t\t<\/div>\n\t\t\t\t\t<\/div>\n\t\t<\/section>\n\t\t\t\t\t<\/div>\n\t\t<\/main>\n\t\t\t\t<\/div>\n\t\t","protected":false},"excerpt":{"rendered":"<p>ECO LOG Integritetspolicy S\u00e5 hanterar vi dina person\u00aduppgifter Fr\u00e5n och med 25 maj 2018 g\u00e4ller dataskyddsf\u00f6rordningen i alla EU-l\u00e4nder. H\u00e4r i Sverige ers\u00e4tter den personuppgiftslagen, PUL. I praktiken st\u00e4rks skyddet av dina personuppgifter och din r\u00e4tt att veta vad de anv\u00e4nds till och hur de behandlas av oss p\u00e5 Eco Log Sweden AB. Eco Log [&hellip;]<\/p>\n","protected":false},"author":1,"featured_media":0,"parent":0,"menu_order":1000,"comment_status":"closed","ping_status":"open","template":"","meta":{"_acf_changed":false,"footnotes":""},"class_list":["post-3","page","type-page","status-publish","hentry"],"acf":[],"_links":{"self":[{"href":"https:\/\/ecolog.dev03.extrude.se\/sv\/wp-json\/wp\/v2\/pages\/3","targetHints":{"allow":["GET"]}}],"collection":[{"href":"https:\/\/ecolog.dev03.extrude.se\/sv\/wp-json\/wp\/v2\/pages"}],"about":[{"href":"https:\/\/ecolog.dev03.extrude.se\/sv\/wp-json\/wp\/v2\/types\/page"}],"author":[{"embeddable":true,"href":"https:\/\/ecolog.dev03.extrude.se\/sv\/wp-json\/wp\/v2\/users\/1"}],"replies":[{"embeddable":true,"href":"https:\/\/ecolog.dev03.extrude.se\/sv\/wp-json\/wp\/v2\/comments?post=3"}],"version-history":[{"count":5,"href":"https:\/\/ecolog.dev03.extrude.se\/sv\/wp-json\/wp\/v2\/pages\/3\/revisions"}],"predecessor-version":[{"id":5172,"href":"https:\/\/ecolog.dev03.extrude.se\/sv\/wp-json\/wp\/v2\/pages\/3\/revisions\/5172"}],"wp:attachment":[{"href":"https:\/\/ecolog.dev03.extrude.se\/sv\/wp-json\/wp\/v2\/media?parent=3"}],"curies":[{"name":"wp","href":"https:\/\/api.w.org\/{rel}","templated":true}]}}