{"id":3267,"date":"2023-10-23T09:57:00","date_gmt":"2023-10-23T07:57:00","guid":{"rendered":"https:\/\/ecolog.dev03.extrude.se\/?page_id=3267"},"modified":"2023-10-26T15:32:19","modified_gmt":"2023-10-26T13:32:19","slug":"skogsmaskiner","status":"publish","type":"page","link":"https:\/\/ecolog.dev03.extrude.se\/sv\/om-ecolog\/kundnytta\/skogsmaskiner\/","title":{"rendered":"Skogsmaskiner"},"content":{"rendered":"\t\t<div data-elementor-type=\"wp-page\" data-elementor-id=\"3267\" class=\"elementor elementor-3267\" data-elementor-post-type=\"page\">\n\t\t\t\t\t\t<section class=\"elementor-section elementor-top-section elementor-element elementor-element-38c6c487 elementor-section-boxed elementor-section-height-default elementor-section-height-default\" data-id=\"38c6c487\" data-element_type=\"section\">\n\t\t\t\t\t\t<div class=\"elementor-container elementor-column-gap-default\">\n\t\t\t\t\t<div class=\"elementor-column elementor-col-100 elementor-top-column elementor-element elementor-element-793a990f\" data-id=\"793a990f\" data-element_type=\"column\">\n\t\t\t<div class=\"elementor-widget-wrap elementor-element-populated\">\n\t\t\t\t\t\t<div class=\"elementor-element elementor-element-5365abf elementor-widget elementor-widget-image\" data-id=\"5365abf\" data-element_type=\"widget\" data-widget_type=\"image.default\">\n\t\t\t\t<div class=\"elementor-widget-container\">\n\t\t\t\t\t\t\t\t\t\t\t\t\t\t\t<img fetchpriority=\"high\" decoding=\"async\" width=\"800\" height=\"385\" src=\"https:\/\/ecolog.dev03.extrude.se\/wp-content\/uploads\/2023\/10\/skogsmaskiner-1024x493.jpg\" class=\"attachment-large size-large wp-image-1248\" alt=\"\" srcset=\"https:\/\/ecolog.dev03.extrude.se\/wp-content\/uploads\/2023\/10\/skogsmaskiner-1024x493.jpg 1024w, https:\/\/ecolog.dev03.extrude.se\/wp-content\/uploads\/2023\/10\/skogsmaskiner-300x144.jpg 300w, https:\/\/ecolog.dev03.extrude.se\/wp-content\/uploads\/2023\/10\/skogsmaskiner-768x370.jpg 768w, https:\/\/ecolog.dev03.extrude.se\/wp-content\/uploads\/2023\/10\/skogsmaskiner.jpg 1170w\" sizes=\"(max-width: 800px) 100vw, 800px\" \/>\t\t\t\t\t\t\t\t\t\t\t\t\t\t\t<\/div>\n\t\t\t\t<\/div>\n\t\t\t\t\t<\/div>\n\t\t<\/div>\n\t\t\t\t\t<\/div>\n\t\t<\/section>\n\t\t\t\t<section class=\"elementor-section elementor-top-section elementor-element elementor-element-4647be43 kundnytta elementor-section-boxed elementor-section-height-default elementor-section-height-default\" data-id=\"4647be43\" data-element_type=\"section\" data-settings=\"{&quot;background_background&quot;:&quot;classic&quot;}\">\n\t\t\t\t\t\t<div class=\"elementor-container elementor-column-gap-default\">\n\t\t\t\t\t<div class=\"elementor-column elementor-col-100 elementor-top-column elementor-element elementor-element-4772cc1a\" data-id=\"4772cc1a\" data-element_type=\"column\">\n\t\t\t<div class=\"elementor-widget-wrap elementor-element-populated\">\n\t\t\t\t\t\t<section class=\"elementor-section elementor-inner-section elementor-element elementor-element-314d75a elementor-section-boxed elementor-section-height-default elementor-section-height-default\" data-id=\"314d75a\" data-element_type=\"section\">\n\t\t\t\t\t\t<div class=\"elementor-container elementor-column-gap-default\">\n\t\t\t\t\t<div class=\"elementor-column elementor-col-100 elementor-inner-column elementor-element elementor-element-70033a6\" data-id=\"70033a6\" data-element_type=\"column\">\n\t\t\t<div class=\"elementor-widget-wrap elementor-element-populated\">\n\t\t\t\t\t\t<div class=\"elementor-element elementor-element-ee0adb5 elementor-widget elementor-widget-heading\" data-id=\"ee0adb5\" data-element_type=\"widget\" data-widget_type=\"heading.default\">\n\t\t\t\t<div class=\"elementor-widget-container\">\n\t\t\t\t\t<h1 class=\"elementor-heading-title elementor-size-default\">Skogsmaskiner<\/h1>\t\t\t\t<\/div>\n\t\t\t\t<\/div>\n\t\t\t\t<div class=\"elementor-element elementor-element-b5be1a5 elementor-widget elementor-widget-text-editor\" data-id=\"b5be1a5\" data-element_type=\"widget\" data-widget_type=\"text-editor.default\">\n\t\t\t\t<div class=\"elementor-widget-container\">\n\t\t\t\t\t\t\t\t\t<p>Produktiva skogsmaskiner f\u00f6r ett skonsamt skogsbruk<\/p>\t\t\t\t\t\t\t\t<\/div>\n\t\t\t\t<\/div>\n\t\t\t\t<div class=\"elementor-element elementor-element-6618907 elementor-widget elementor-widget-text-editor\" data-id=\"6618907\" data-element_type=\"widget\" data-widget_type=\"text-editor.default\">\n\t\t\t\t<div class=\"elementor-widget-container\">\n\t\t\t\t\t\t\t\t\t<p>Sedan femton \u00e5r tillbaka utvecklar, konstruerar och tillverkar Eco Log maskiner f\u00f6r det moderna skogsbruket i fabriken i S\u00f6derhamn. F\u00f6retaget och fabriken har dock en betydligt l\u00e4ngre historia \u00e4n s\u00e5, d\u00e5 Kockums b\u00f6rjade tillverkningen av skogsmaskiner i lokalerna redan 1965. Unikt f\u00f6r dagens sk\u00f6rdare fr\u00e5n Eco Log \u00e4r dess hydrauliskt styrda pendelarmar vars ursprung kommer fr\u00e5n Skogsjan och den s\u00e5 kallade \u201dSpindelmaskinen\u201d som lanserades 1986.<\/p><p>I Eco Logs produktprogram ing\u00e5r idag 5 sk\u00f6rdarmodeller och 3 skotarmodeller. Modellerna har olika storlekar och kapacitet och tillsammans t\u00e4cker Eco Logs maskiner alla anv\u00e4ndningsomr\u00e5den och varierande uppgifter som dagens skogsbruk kr\u00e4ver.<\/p><ul><li>Eco Logs skogsmaskiner har utvecklats f\u00f6r arbete enligt den s\u00e5 kallade kortvirkesmetoden (cut-to-length), d\u00e4r sk\u00f6rdare och skotare arbetar i grupp f\u00f6r ett produktivt och skonsamt skogsbruk.<\/li><li>Tack vare pendelarmarna och den starka kranen arbetar Eco Logs sk\u00f6rdare med h\u00f6g produktivitet i s\u00e5v\u00e4l branta, kuperade som mjuka terr\u00e4nger.<\/li><li>Hos Eco Logs skogsmaskiner \u00e4r f\u00f6raren i fokus d\u00e4r de erbjuder god arbetsmilj\u00f6, h\u00f6g komfort och mycket bra sikt \u00f6ver arbetsomr\u00e5det.<\/li><li>Gemensamt f\u00f6r s\u00e5v\u00e4l sk\u00f6rdare som skotare \u00e4r deras styrka, drifts\u00e4kerhet och servicev\u00e4nlighet som tillsammans ger f\u00f6ruts\u00e4ttningar f\u00f6r ett skogsbruk med god totalekonomi.<\/li><\/ul>\t\t\t\t\t\t\t\t<\/div>\n\t\t\t\t<\/div>\n\t\t\t\t\t<\/div>\n\t\t<\/div>\n\t\t\t\t\t<\/div>\n\t\t<\/section>\n\t\t\t\t<section class=\"elementor-section elementor-inner-section elementor-element elementor-element-c18d221 elementor-section-boxed elementor-section-height-default elementor-section-height-default\" data-id=\"c18d221\" data-element_type=\"section\">\n\t\t\t\t\t\t<div class=\"elementor-container elementor-column-gap-default\">\n\t\t\t\t\t<div class=\"elementor-column elementor-col-50 elementor-inner-column elementor-element elementor-element-3f5d747\" data-id=\"3f5d747\" data-element_type=\"column\">\n\t\t\t<div class=\"elementor-widget-wrap elementor-element-populated\">\n\t\t\t\t\t\t<div class=\"elementor-element elementor-element-0caa15a elementor-icon-list--layout-traditional elementor-list-item-link-full_width elementor-widget elementor-widget-icon-list\" data-id=\"0caa15a\" data-element_type=\"widget\" data-widget_type=\"icon-list.default\">\n\t\t\t\t<div class=\"elementor-widget-container\">\n\t\t\t\t\t\t\t<ul class=\"elementor-icon-list-items\">\n\t\t\t\t\t\t\t<li class=\"elementor-icon-list-item\">\n\t\t\t\t\t\t\t\t\t\t\t<a href=\"https:\/\/ecolog.dev03.extrude.se\/wp-content\/uploads\/2023\/10\/skogsmaskiner.pdf\" target=\"_blank\">\n\n\t\t\t\t\t\t\t\t\t\t\t\t<span class=\"elementor-icon-list-icon\">\n\t\t\t\t\t\t\t<i aria-hidden=\"true\" class=\"fas fa-file-pdf\"><\/i>\t\t\t\t\t\t<\/span>\n\t\t\t\t\t\t\t\t\t\t<span class=\"elementor-icon-list-text\">Ladda ner produktblad<\/span>\n\t\t\t\t\t\t\t\t\t\t\t<\/a>\n\t\t\t\t\t\t\t\t\t<\/li>\n\t\t\t\t\t\t<\/ul>\n\t\t\t\t\t\t<\/div>\n\t\t\t\t<\/div>\n\t\t\t\t\t<\/div>\n\t\t<\/div>\n\t\t\t\t<div class=\"elementor-column elementor-col-50 elementor-inner-column elementor-element elementor-element-0fd234b\" data-id=\"0fd234b\" data-element_type=\"column\">\n\t\t\t<div class=\"elementor-widget-wrap elementor-element-populated\">\n\t\t\t\t\t\t<div class=\"elementor-element elementor-element-02dca1e elementor-align-right elementor-widget elementor-widget-button\" data-id=\"02dca1e\" data-element_type=\"widget\" data-widget_type=\"button.default\">\n\t\t\t\t<div class=\"elementor-widget-container\">\n\t\t\t\t\t\t\t\t\t<div class=\"elementor-button-wrapper\">\n\t\t\t\t\t<a class=\"elementor-button elementor-button-link elementor-size-sm\" href=\"https:\/\/ecolog.dev03.extrude.se\/om-ecolog\/kundnytta\/\">\n\t\t\t\t\t\t<span class=\"elementor-button-content-wrapper\">\n\t\t\t\t\t\t\t\t\t<span class=\"elementor-button-text\">TILLBAKA TILL KUNDNYTTA<\/span>\n\t\t\t\t\t<\/span>\n\t\t\t\t\t<\/a>\n\t\t\t\t<\/div>\n\t\t\t\t\t\t\t\t<\/div>\n\t\t\t\t<\/div>\n\t\t\t\t\t<\/div>\n\t\t<\/div>\n\t\t\t\t\t<\/div>\n\t\t<\/section>\n\t\t\t\t\t<\/div>\n\t\t<\/div>\n\t\t\t\t\t<\/div>\n\t\t<\/section>\n\t\t\t\t<section class=\"elementor-section elementor-top-section elementor-element elementor-element-3ae1217 elementor-section-boxed elementor-section-height-default elementor-section-height-default\" data-id=\"3ae1217\" data-element_type=\"section\">\n\t\t\t\t\t\t<div class=\"elementor-container elementor-column-gap-default\">\n\t\t\t\t\t<div class=\"elementor-column elementor-col-50 elementor-top-column elementor-element elementor-element-3d3cd73\" data-id=\"3d3cd73\" data-element_type=\"column\">\n\t\t\t<div class=\"elementor-widget-wrap\">\n\t\t\t\t\t\t\t<\/div>\n\t\t<\/div>\n\t\t\t\t<div class=\"elementor-column elementor-col-50 elementor-top-column elementor-element elementor-element-d6574b3\" data-id=\"d6574b3\" data-element_type=\"column\">\n\t\t\t<div class=\"elementor-widget-wrap\">\n\t\t\t\t\t\t\t<\/div>\n\t\t<\/div>\n\t\t\t\t\t<\/div>\n\t\t<\/section>\n\t\t\t\t<\/div>\n\t\t","protected":false},"excerpt":{"rendered":"<p>Skogsmaskiner Produktiva skogsmaskiner f\u00f6r ett skonsamt skogsbruk Sedan femton \u00e5r tillbaka utvecklar, konstruerar och tillverkar Eco Log maskiner f\u00f6r det moderna skogsbruket i fabriken i S\u00f6derhamn. F\u00f6retaget och fabriken har dock en betydligt l\u00e4ngre historia \u00e4n s\u00e5, d\u00e5 Kockums b\u00f6rjade tillverkningen av skogsmaskiner i lokalerna redan 1965. Unikt f\u00f6r dagens sk\u00f6rdare fr\u00e5n Eco Log \u00e4r [&hellip;]<\/p>\n","protected":false},"author":1,"featured_media":0,"parent":1187,"menu_order":170,"comment_status":"closed","ping_status":"closed","template":"","meta":{"_acf_changed":false,"footnotes":""},"class_list":["post-3267","page","type-page","status-publish","hentry"],"acf":[],"_links":{"self":[{"href":"https:\/\/ecolog.dev03.extrude.se\/sv\/wp-json\/wp\/v2\/pages\/3267","targetHints":{"allow":["GET"]}}],"collection":[{"href":"https:\/\/ecolog.dev03.extrude.se\/sv\/wp-json\/wp\/v2\/pages"}],"about":[{"href":"https:\/\/ecolog.dev03.extrude.se\/sv\/wp-json\/wp\/v2\/types\/page"}],"author":[{"embeddable":true,"href":"https:\/\/ecolog.dev03.extrude.se\/sv\/wp-json\/wp\/v2\/users\/1"}],"replies":[{"embeddable":true,"href":"https:\/\/ecolog.dev03.extrude.se\/sv\/wp-json\/wp\/v2\/comments?post=3267"}],"version-history":[{"count":7,"href":"https:\/\/ecolog.dev03.extrude.se\/sv\/wp-json\/wp\/v2\/pages\/3267\/revisions"}],"predecessor-version":[{"id":5337,"href":"https:\/\/ecolog.dev03.extrude.se\/sv\/wp-json\/wp\/v2\/pages\/3267\/revisions\/5337"}],"up":[{"embeddable":true,"href":"https:\/\/ecolog.dev03.extrude.se\/sv\/wp-json\/wp\/v2\/pages\/1187"}],"wp:attachment":[{"href":"https:\/\/ecolog.dev03.extrude.se\/sv\/wp-json\/wp\/v2\/media?parent=3267"}],"curies":[{"name":"wp","href":"https:\/\/api.w.org\/{rel}","templated":true}]}}