{"id":5173,"date":"2023-10-26T12:34:16","date_gmt":"2023-10-26T10:34:16","guid":{"rendered":"https:\/\/ecolog.dev03.extrude.se\/?page_id=5173"},"modified":"2023-10-26T12:34:44","modified_gmt":"2023-10-26T10:34:44","slug":"cookie-policy","status":"publish","type":"page","link":"https:\/\/ecolog.dev03.extrude.se\/sv\/cookie-policy\/","title":{"rendered":"Cookie Policy"},"content":{"rendered":"\t\t<div data-elementor-type=\"wp-page\" data-elementor-id=\"5173\" class=\"elementor elementor-5173\" data-elementor-post-type=\"page\">\n\t\t\t\t\t\t<main class=\"elementor-section elementor-top-section elementor-element elementor-element-73cd122e container elementor-section-boxed elementor-section-height-default elementor-section-height-default\" data-id=\"73cd122e\" data-element_type=\"section\">\n\t\t\t\t\t\t<div class=\"elementor-container elementor-column-gap-default\">\n\t\t\t\t\t<section class=\"elementor-column elementor-col-100 elementor-top-column elementor-element elementor-element-466f103c row benefitpage\" data-id=\"466f103c\" data-element_type=\"column\" data-settings=\"{&quot;background_background&quot;:&quot;classic&quot;}\">\n\t\t\t<div class=\"elementor-widget-wrap elementor-element-populated\">\n\t\t\t\t\t\t<div class=\"elementor-element elementor-element-6a9f5cf1 elementor-widget elementor-widget-heading\" data-id=\"6a9f5cf1\" data-element_type=\"widget\" data-widget_type=\"heading.default\">\n\t\t\t\t<div class=\"elementor-widget-container\">\n\t\t\t\t\t<p class=\"elementor-heading-title elementor-size-default\">ECO LOG<\/p>\t\t\t\t<\/div>\n\t\t\t\t<\/div>\n\t\t\t\t<div class=\"elementor-element elementor-element-4aff71a1 elementor-widget elementor-widget-heading\" data-id=\"4aff71a1\" data-element_type=\"widget\" data-widget_type=\"heading.default\">\n\t\t\t\t<div class=\"elementor-widget-container\">\n\t\t\t\t\t<h2 class=\"elementor-heading-title elementor-size-default\">Cookie Policy<\/h2>\t\t\t\t<\/div>\n\t\t\t\t<\/div>\n\t\t\t\t<div class=\"elementor-element elementor-element-419c1364 elementor-widget elementor-widget-image\" data-id=\"419c1364\" data-element_type=\"widget\" data-widget_type=\"image.default\">\n\t\t\t\t<div class=\"elementor-widget-container\">\n\t\t\t\t\t\t\t\t\t\t\t\t\t\t\t<img decoding=\"async\" width=\"38\" height=\"23\" src=\"https:\/\/ecolog.dev03.extrude.se\/wp-content\/uploads\/2023\/08\/ecolog-logo-small.png\" class=\"attachment-large size-large wp-image-111\" alt=\"\" \/>\t\t\t\t\t\t\t\t\t\t\t\t\t\t\t<\/div>\n\t\t\t\t<\/div>\n\t\t\t\t<div class=\"elementor-element elementor-element-62800b76 elementor-widget elementor-widget-text-editor\" data-id=\"62800b76\" data-element_type=\"widget\" data-widget_type=\"text-editor.default\">\n\t\t\t\t<div class=\"elementor-widget-container\">\n\t\t\t\t\t\t\t\t\t<p class=\"sifr_me\">Lagen om elektronisk kommunikation kr\u00e4ver att vi informerar dig om att vi anv\u00e4nder cookies.<\/p><p>De cookies vi anv\u00e4nder oss av lagrar inte n\u00e5gon personlig information om v\u00e5ra bes\u00f6kare. Vi anv\u00e4nder cookies f\u00f6r att kunna ge dig som bes\u00f6kare b\u00e4ttre service.<\/p><p>En cookie \u00e4r en liten datafil med text som sparas i din webbl\u00e4sare. Genom att anv\u00e4nda oss av cookies kan vi samla statistik om antalet bes\u00f6kare p\u00e5 v\u00e5r webbplats, hur den anv\u00e4nds, vilka sidor som \u00e4r popul\u00e4ra och mindre popul\u00e4ra. Denna information g\u00f6r det m\u00f6jligt f\u00f6r oss att utveckla, optimera och f\u00f6rb\u00e4ttra v\u00e5r webbplats.<\/p><p>De flesta webbl\u00e4sare \u00e4r inst\u00e4llda f\u00f6r att till\u00e5ta lagring av cookies. Om du inte vill till\u00e5ta cookies kan du antingen st\u00e4lla in din webbl\u00e4sare s\u00e5 att du f\u00e5r en varning varje g\u00e5ng som en webbplats vill placera en cookie p\u00e5 din dator eller helt st\u00e4nga av lagring av cookies. Information om hur du g\u00f6r detta finns i webbl\u00e4sarens hj\u00e4lpfunktion.<\/p><p>Du kan l\u00e4sa mer om Lagen om elektronisk kommunikation och om cookies p\u00e5\u00a0<a href=\"http:\/\/www.pts.se\/\" target=\"_blank\" rel=\"noopener\">Post- och Telestyrelsens webbplats<\/a>.<\/p>\t\t\t\t\t\t\t\t<\/div>\n\t\t\t\t<\/div>\n\t\t\t\t\t<\/div>\n\t\t<\/section>\n\t\t\t\t\t<\/div>\n\t\t<\/main>\n\t\t\t\t<\/div>\n\t\t","protected":false},"excerpt":{"rendered":"<p>ECO LOG Cookie Policy Lagen om elektronisk kommunikation kr\u00e4ver att vi informerar dig om att vi anv\u00e4nder cookies. De cookies vi anv\u00e4nder oss av lagrar inte n\u00e5gon personlig information om v\u00e5ra bes\u00f6kare. Vi anv\u00e4nder cookies f\u00f6r att kunna ge dig som bes\u00f6kare b\u00e4ttre service. En cookie \u00e4r en liten datafil med text som sparas i [&hellip;]<\/p>\n","protected":false},"author":1,"featured_media":0,"parent":0,"menu_order":1010,"comment_status":"closed","ping_status":"open","template":"","meta":{"_acf_changed":false,"footnotes":""},"class_list":["post-5173","page","type-page","status-publish","hentry"],"acf":[],"_links":{"self":[{"href":"https:\/\/ecolog.dev03.extrude.se\/sv\/wp-json\/wp\/v2\/pages\/5173","targetHints":{"allow":["GET"]}}],"collection":[{"href":"https:\/\/ecolog.dev03.extrude.se\/sv\/wp-json\/wp\/v2\/pages"}],"about":[{"href":"https:\/\/ecolog.dev03.extrude.se\/sv\/wp-json\/wp\/v2\/types\/page"}],"author":[{"embeddable":true,"href":"https:\/\/ecolog.dev03.extrude.se\/sv\/wp-json\/wp\/v2\/users\/1"}],"replies":[{"embeddable":true,"href":"https:\/\/ecolog.dev03.extrude.se\/sv\/wp-json\/wp\/v2\/comments?post=5173"}],"version-history":[{"count":4,"href":"https:\/\/ecolog.dev03.extrude.se\/sv\/wp-json\/wp\/v2\/pages\/5173\/revisions"}],"predecessor-version":[{"id":5177,"href":"https:\/\/ecolog.dev03.extrude.se\/sv\/wp-json\/wp\/v2\/pages\/5173\/revisions\/5177"}],"wp:attachment":[{"href":"https:\/\/ecolog.dev03.extrude.se\/sv\/wp-json\/wp\/v2\/media?parent=5173"}],"curies":[{"name":"wp","href":"https:\/\/api.w.org\/{rel}","templated":true}]}}